{"id":106,"date":"2023-01-17T12:47:10","date_gmt":"2023-01-17T10:47:10","guid":{"rendered":"http:\/\/processos-grupals-aula.azurewebsites.net\/?page_id=106"},"modified":"2023-03-02T18:31:46","modified_gmt":"2023-03-02T16:31:46","slug":"3-3-1-introduccion","status":"publish","type":"page","link":"http:\/\/processos-grupals-aula.azurewebsites.net\/es\/3-3-1-introduccion\/","title":{"rendered":"3.3.1. Introducci\u00f3n"},"content":{"rendered":"<p>Sin \u00e1nimo de exhaustividad, en las siguientes l\u00edneas se ofrecen los rasgos m\u00e1s sustantivos de tres teor\u00edas que (junto con la de la <a href=\"http:\/\/processos-grupals.aula.uoc.edu\/es\/2-3-2-el-enfoque-del-comportamiento-colectivo\/\">tensi\u00f3n estructural<\/a>) representan las miradas principales que la academia ha ofrecido sobre los movimientos sociales: la <strong>teor\u00eda de la movilizaci\u00f3n de recursos<\/strong>, la<strong> teor\u00eda de los nuevos movimientos sociales<\/strong> y la <strong>teor\u00eda del proceso pol\u00edtico<\/strong>. Estas teor\u00edas ilustran de forma fehaciente el conocimiento que las distintas ciencias sociales han aportado sobre la din\u00e1mica de los movimientos. Es cierto que existen otros enfoques, pero todos ellos podr\u00edan ser perfectamente catalogados como variaciones de uno de los incluidos.<\/p>\n","protected":false},"excerpt":{"rendered":"<p>Sin \u00e1nimo de exhaustividad, en las siguientes l\u00edneas se ofrecen los rasgos m\u00e1s sustantivos de tres teor\u00edas que (junto con la de la tensi\u00f3n estructural) representan las miradas principales que la academia ha ofrecido sobre los movimientos sociales: la teor\u00eda de la movilizaci\u00f3n de recursos, la teor\u00eda de los nuevos movimientos sociales y la teor\u00eda [&hellip;]<\/p>\n","protected":false},"author":2,"featured_media":0,"parent":0,"menu_order":0,"comment_status":"closed","ping_status":"closed","template":"","meta":{"footnotes":""},"acf":[],"_links":{"self":[{"href":"http:\/\/processos-grupals-aula.azurewebsites.net\/es\/wp-json\/wp\/v2\/pages\/106"}],"collection":[{"href":"http:\/\/processos-grupals-aula.azurewebsites.net\/es\/wp-json\/wp\/v2\/pages"}],"about":[{"href":"http:\/\/processos-grupals-aula.azurewebsites.net\/es\/wp-json\/wp\/v2\/types\/page"}],"author":[{"embeddable":true,"href":"http:\/\/processos-grupals-aula.azurewebsites.net\/es\/wp-json\/wp\/v2\/users\/2"}],"replies":[{"embeddable":true,"href":"http:\/\/processos-grupals-aula.azurewebsites.net\/es\/wp-json\/wp\/v2\/comments?post=106"}],"version-history":[{"count":5,"href":"http:\/\/processos-grupals-aula.azurewebsites.net\/es\/wp-json\/wp\/v2\/pages\/106\/revisions"}],"predecessor-version":[{"id":1006,"href":"http:\/\/processos-grupals-aula.azurewebsites.net\/es\/wp-json\/wp\/v2\/pages\/106\/revisions\/1006"}],"wp:attachment":[{"href":"http:\/\/processos-grupals-aula.azurewebsites.net\/es\/wp-json\/wp\/v2\/media?parent=106"}],"curies":[{"name":"wp","href":"https:\/\/api.w.org\/{rel}","templated":true}]}}