{"id":1081,"date":"2024-01-03T19:26:56","date_gmt":"2024-01-03T17:26:56","guid":{"rendered":"http:\/\/processos-grupals-aula.azurewebsites.net\/?page_id=1081"},"modified":"2024-09-12T21:29:31","modified_gmt":"2024-09-12T19:29:31","slug":"1-3-5-cuerpos-afectos-y-subjetividades","status":"publish","type":"page","link":"http:\/\/processos-grupals-aula.azurewebsites.net\/es\/1-3-5-cuerpos-afectos-y-subjetividades\/","title":{"rendered":"1.3.5. Cuerpos, afectos y subjetividades"},"content":{"rendered":"<p>Si bien el uso de la palabra est\u00e1 regulado por los m\u00e9todos y las t\u00e9cnicas expuestos hasta ahora, tambi\u00e9n la <strong>dimensi\u00f3n corporal y afectiva<\/strong> tiene su papel en los procesos de facilitaci\u00f3n de grupos y espacios asamblearios. Estos elementos no solo son importantes para potenciar la cohesi\u00f3n y adhesi\u00f3n de los participantes del grupo, sino que, en \u00faltima instancia, tambi\u00e9n pueden contribuir en la transformaci\u00f3n de su <strong>subjetividad<\/strong>. Tanto en las asambleas del 15M como posteriormente en la Plataforma de Afectados por la Hipoteca (PAH) podemos encontrar ejemplos paradigm\u00e1ticos sobre todas estas cuestiones.<\/p>\n<p>De esta forma, <strong>el cuerpo se convierte en un dispositivo de relaci\u00f3n con los otros<\/strong>, que establece una relacionalidad al comunicar las emociones y perspectivas de las personas activistas.<\/p>\n<blockquote><p>\u00abCreo que la gestualidad tiene una dimensi\u00f3n primera operativa, porque permite recibir <em>feedback<\/em> de manera r\u00e1pida y poco ruidosa. Es muy visual. Por tanto, sin necesidad de que 50 personas digan si lo ven bien o no en una imagen de dos segundos tienes un <em>feedback<\/em> r\u00e1pido. Tiene elementos muy operativos y ya por eso a m\u00ed me parece genial. Pero es cierto que tiene una forma de hacer no oral, y hay gente que tiene facilidad de hablar, otros que no por lo que sea. Trayectorias familiares, trabajo, cultura\u2026 potenciar elementos visuales y corporales genera m\u00e1s diversidad de canales. No que simplemente te quedes pasivo. Y para quien no se encuentra tan c\u00f3modo en el oral-racional, le das otra v\u00eda. Esto da otro impulso a la horizontalidad porque hay gente que no se siente c\u00f3moda hablando. Por lo que sea. A lo mejor le cuesta ordenar sus pensamientos en la palabra. Pero hacer un signo de \u2018esto lo veo\u2019 o \u2018esto no lo veo\u2019 es mucho m\u00e1s f\u00e1cil y le est\u00e1s permitiendo que participe. Puede parecer poco, pero es muy importante\u00bb.<\/p><\/blockquote>\n<div class=\"blockquote-author\"><p>Extracto de entrevista a \u00c1lvaro Porro, facilitador de la PAH (Sanmart\u00edn, 2019, p. 315)<\/p>\n<\/div>\n<div class=\"featured featured-grey\"><p>Respecto a la dimensi\u00f3n corporal, podemos destacar los siguientes ejemplos:<\/p>\n<ol>\n<li>En las asambleas del 15M primaba la posici\u00f3n en <strong>c\u00edrculo<\/strong> de las y los activistas, ya que as\u00ed se posibilita que todo el mundo pudiera verse el rostro, empatizando con sus compa\u00f1eras y facilitando as\u00ed la comunicaci\u00f3n. Adem\u00e1s, este formato interactivo tambi\u00e9n manifiesta los valores de <strong>democratizaci\u00f3n<\/strong> que defend\u00eda el movimiento. El c\u00edrculo posibilitaba de este modo encarnar una sociedad sin una jerarqu\u00eda clara, distribuyendo las posiciones de los participantes de modo equitativo: no hab\u00eda un centro claro o atril superior al que mirar, sino que todos los activistas manten\u00edan una distribuci\u00f3n igualitaria y horizontal de los cuerpos (<span style=\"font-weight: 400;\">Cuberos<\/span><span style=\"font-weight: 400;\"> Gallardo<\/span>, 2016).<\/li>\n<li>As\u00ed mismo, las asambleas del 15M acabaron adoptando el uso de algunos elementos propios de la <strong>lengua de signos<\/strong>, como el conocido <a href=\"https:\/\/www.youtube.com\/watch?v=Z6xAzn6DxZc\" target=\"_blank\" rel=\"noopener\">aplauso silencioso<\/a>. Introducido en las asambleas por parte de personas voluntarias que se ofrecieron como int\u00e9rpretes para que las personas sordas pudieran participar, este gesto acab\u00f3 convirti\u00e9ndose en un c\u00f3digo de uso generalizado.<\/li>\n<\/ol>\n<p>Posteriormente, la PAH adopt\u00f3 muchas de estas t\u00e9cnicas de facilitaci\u00f3n del 15M para poder estructurar el movimiento, las cuales sintetiz\u00f3 en el <em>Manual de facilitaci\u00f3n de la PAH<\/em> (PAH, 2014), sistematizando, entre otras cuestiones, los c\u00f3digos gestuales. Esta gestualidad posibilita, a aquellas personas con dificultad o inseguridad para tomar la palabra, la posibilidad de contribuir al parecer colectivo. Y facilita a todo el conjunto poder seguir la construcci\u00f3n de acuerdos colectivos teniendo en cuenta la retroalimentaci\u00f3n transmitida.<\/p>\n<figure id=\"attachment_1083\" aria-describedby=\"caption-attachment-1083\" style=\"width: 409px\" class=\"wp-caption alignnone\"><img loading=\"lazy\" decoding=\"async\" class=\"wp-image-1083 size-full\" src=\"\/wp-content\/uploads\/2024\/01\/PID_00298857_02-1.png\" alt=\"\" width=\"409\" height=\"457\" \/><figcaption id=\"caption-attachment-1083\" class=\"wp-caption-text\">Figura 2. C\u00f3digos gestuales<br \/>Fuente: elaboraci\u00f3n propia a partir del <em>Manual de facilitaci\u00f3n de la PAH<\/em>, p. 14<\/figcaption><\/figure>\n<p>\n<\/div>\n<p>Este uso del <strong>cuerpo<\/strong> como dispositivo de relaci\u00f3n se da tambi\u00e9n en fases previas y posteriores a los propios debates asamblearios en la PAH. As\u00ed, se promueven actitudes como los abrazos y el contacto f\u00edsico de apoyo, especialmente a las personas que llegan por primera vez. En la fase de cierre, es usual la celebraci\u00f3n colectiva de triunfos mediante el alzamiento de brazos, los aplausos y la repetici\u00f3n del lema \u00ab\u00a1S\u00ed se puede!\u00bb. Estos aspectos permiten transmitir la sensaci\u00f3n de que la PAH es un grupo abierto, que incluye r\u00e1pidamente a todos los integrantes nuevos, a la par que un movimiento triunfante capaz de arrancar victorias: como paralizar el desahucio de una compa\u00f1era, alcanzar un nuevo marco legislativo o conseguir resonancia en los medios de comunicaci\u00f3n. Procurar acogidas y cierres en positivo, en los que el cuerpo es un dispositivo de inclusi\u00f3n, posibilita una <strong>emocionalidad alegre<\/strong> que motiva a los asistentes.<\/p>\n<p><iframe loading=\"lazy\" title=\"El primer d\u00eda\" width=\"640\" height=\"360\" src=\"https:\/\/www.youtube.com\/embed\/JS4LAUnxlo8?feature=oembed\" frameborder=\"0\" allow=\"accelerometer; autoplay; clipboard-write; encrypted-media; gyroscope; picture-in-picture; web-share\" referrerpolicy=\"strict-origin-when-cross-origin\" allowfullscreen><\/iframe><\/p>\n<p>En el contexto de la PAH es importante se\u00f1alar tambi\u00e9n que estos elementos funcionan como un <strong>tranquilizador emocional<\/strong> frente al trato denigrante que las personas que acuden reciben por parte de las entidades financieras, lo que fortalece los v\u00ednculos que se generan en el movimiento (Ancelovici y Emperador, 2021). Este aspecto es central si retomamos el concepto de <strong>subjetividad capitalista<\/strong> se\u00f1alado anteriormente. Si bien esta subjetividad genera la ilusi\u00f3n de autonom\u00eda, esta ha acabado degenerando en los contextos actuales de crisis econ\u00f3micas en una presi\u00f3n por la propia validaci\u00f3n. Las dificultades para conseguir un trabajo, la precarizaci\u00f3n de las condiciones laborales y un contexto de consumo cada vez m\u00e1s hostil provocan una sensaci\u00f3n de fracaso en aquellas personas incapaces de mantenerse econ\u00f3micamente. En resumen, las dificultades econ\u00f3micas son interpretadas como un fracaso individual en la competici\u00f3n que rige la sociedad capitalista (Reneses, 2023). Esta sensaci\u00f3n de ser una persona fallida no encuentra salida en la relaci\u00f3n con los otros, ya que precisamente esta subjetividad parte de un impulso a la diferenciaci\u00f3n con el resto, a la fragmentaci\u00f3n de los <strong>v\u00ednculos sociales<\/strong>. Con lo cual, la persona fallida se siente como <strong>\u00fanica responsable y sola<\/strong> ante los problemas que atraviesa.<\/p>\n<p><div class=\"featured featured-grey\"><p>Contra esta din\u00e1mica individualizante, en la PAH tambi\u00e9n se llevan a cabo las siguientes acciones:<\/p>\n<ol>\n<li>Din\u00e1micas de <strong>asesoramiento colectivo<\/strong> (Mir et al., 2013) mediante asambleas abiertas a todo el mundo. En estas asambleas, las personas afectadas que han llegado recientemente al movimiento son asesoradas por personas afectadas con cierta veteran\u00eda. Este formato posibilita que los propios sujetos afectados por los desahucios sean capaces de <strong>apoyarse mutuamente<\/strong>. Unido a la celebraci\u00f3n colectiva de las victorias y el reconocimiento emocional que se brinda en las asambleas, las personas afectadas comienzan a sentir que pueden solventar su situaci\u00f3n; que no necesitar\u00e1n estar de forma cr\u00f3nica demostrando su miseria para recibir unos pocos recursos. Adem\u00e1s, el formato asambleario posibilita que los participantes recientes se conviertan poco a poco tambi\u00e9n en asesores, eliminando la frontera entre experto y lego. Al socializar conocimientos de qu\u00e9 leyes utilizar, qu\u00e9 documentos jur\u00eddicos rellenar o qu\u00e9 din\u00e1micas de negociaci\u00f3n hay que mantener en casos muy diferentes, los afectados acaban dominando tales procesos de confrontaci\u00f3n hacia las entidades financieras, lo que redunda en su <strong>autoestima y sensaci\u00f3n de pertenencia al grupo<\/strong> (Benavent, 2015). M\u00e1s a\u00fan, comprenden al compararse con otros casos que no son responsables \u00fanicos de su situaci\u00f3n, sino que las entidades financieras han utilizado cl\u00e1usulas y procedimientos abusivos para desahuciar y dejar con una deuda hipotecaria a miles de personas.<\/li>\n<li>En las <strong>asambleas de coordinaci\u00f3n<\/strong>, tambi\u00e9n abiertas a todo el mundo, las personas participantes deciden de forma horizontal sobre los aspectos estrat\u00e9gicos, t\u00e1cticos y operativos del movimiento. Este formato posibilita a las personas afectadas comprender que adem\u00e1s de no ser responsables individualmente de su situaci\u00f3n, colectivamente tambi\u00e9n las pueden solventar. Posibilitan integrar a los participantes en comisiones del movimiento, distribuir tareas para ejecutar acuerdos y garantizar que estos acuerdos son un reflejo de procesos como los mentados anteriormente.<br \/>\n<\/div><\/li>\n<\/ol>\n<p>Recapitulando, las din\u00e1micas asamblearias permiten una <strong>corporalidad relacional<\/strong> y una <strong>emocionalidad motivadora<\/strong>. Ambos aspectos fluct\u00faan mediante la <strong>afectividad<\/strong> que se puede dar en el grupo. Como explica Dobles, los movimientos sociales se ven inmersos en estados emocionales que pueden llegar a movilizar o desmovilizar a las bases. De esta forma, la culpabilizaci\u00f3n, el miedo, la angustia o el estigma son emociones que marcan la llegada de personas afectadas por las crisis a las asambleas (Dobles et al., 2017). Las asambleas sirven para reconvertir tales miedos individuales en esperanza colectiva. Lo que genera fuertes lazos de vinculaci\u00f3n entre los miembros.<\/p>\n","protected":false},"excerpt":{"rendered":"<p>Si bien el uso de la palabra est\u00e1 regulado por los m\u00e9todos y las t\u00e9cnicas expuestos hasta ahora, tambi\u00e9n la dimensi\u00f3n corporal y afectiva tiene su papel en los procesos de facilitaci\u00f3n de grupos y espacios asamblearios. Estos elementos no solo son importantes para potenciar la cohesi\u00f3n y adhesi\u00f3n de los participantes del grupo, sino [&hellip;]<\/p>\n","protected":false},"author":2,"featured_media":0,"parent":0,"menu_order":0,"comment_status":"closed","ping_status":"closed","template":"","meta":{"footnotes":""},"acf":[],"_links":{"self":[{"href":"http:\/\/processos-grupals-aula.azurewebsites.net\/es\/wp-json\/wp\/v2\/pages\/1081"}],"collection":[{"href":"http:\/\/processos-grupals-aula.azurewebsites.net\/es\/wp-json\/wp\/v2\/pages"}],"about":[{"href":"http:\/\/processos-grupals-aula.azurewebsites.net\/es\/wp-json\/wp\/v2\/types\/page"}],"author":[{"embeddable":true,"href":"http:\/\/processos-grupals-aula.azurewebsites.net\/es\/wp-json\/wp\/v2\/users\/2"}],"replies":[{"embeddable":true,"href":"http:\/\/processos-grupals-aula.azurewebsites.net\/es\/wp-json\/wp\/v2\/comments?post=1081"}],"version-history":[{"count":9,"href":"http:\/\/processos-grupals-aula.azurewebsites.net\/es\/wp-json\/wp\/v2\/pages\/1081\/revisions"}],"predecessor-version":[{"id":1431,"href":"http:\/\/processos-grupals-aula.azurewebsites.net\/es\/wp-json\/wp\/v2\/pages\/1081\/revisions\/1431"}],"wp:attachment":[{"href":"http:\/\/processos-grupals-aula.azurewebsites.net\/es\/wp-json\/wp\/v2\/media?parent=1081"}],"curies":[{"name":"wp","href":"https:\/\/api.w.org\/{rel}","templated":true}]}}