{"id":1089,"date":"2024-01-03T20:53:28","date_gmt":"2024-01-03T18:53:28","guid":{"rendered":"http:\/\/processos-grupals-aula.azurewebsites.net\/?page_id=1089"},"modified":"2024-09-12T17:44:17","modified_gmt":"2024-09-12T15:44:17","slug":"1-3-6-algunos-riesgos-que-tener-presentes-en-la-facilitacion","status":"publish","type":"page","link":"http:\/\/processos-grupals-aula.azurewebsites.net\/es\/1-3-6-algunos-riesgos-que-tener-presentes-en-la-facilitacion\/","title":{"rendered":"1.3.6. Algunos riesgos que tener presentes en la facilitaci\u00f3n"},"content":{"rendered":"<p>Todas estas t\u00e9cnicas y din\u00e1micas deben prestar atenci\u00f3n tambi\u00e9n a algunos potenciales riesgos. Por ejemplo, puede suceder que se genere y propaguen chismes y <a href=\"http:\/\/processos-grupals-aula.azurewebsites.net\/es\/2-4-los-bulos-las-fake-news-y-el-negacionismo-como-elementos-de-la-accion-colectiva\/\" target=\"_blank\" rel=\"noopener\"><strong>rumores<\/strong><\/a> que, si bien pueden fortalecer temporalmente los <strong>v\u00ednculos<\/strong> de las personas que los comparten \u2013ante la sensaci\u00f3n de camarilla que conforman\u2013, pueden acabar siendo fuentes de <strong>conflictos<\/strong> en el conjunto del movimiento social.<\/p>\n<div class=\"featured featured-grey\"><p>En la PAH, por ejemplo, es una pr\u00e1ctica habitual explicitar tales <strong>rumores<\/strong> en las asambleas, de cara a debatir asuntos inc\u00f3modos pero cuya clarificaci\u00f3n puede acabar disipando sospechas, la formaci\u00f3n de subgrupos o estigmas generados hacia compa\u00f1eros del movimiento social. A este respecto, una labor de la facilitaci\u00f3n es invitar a los participantes de la asamblea a explicitar y concretar lo m\u00e1ximo posible sus <strong>malestares<\/strong>, para ser conscientes de estos y poder encontrarles una soluci\u00f3n colectiva: ya sea aclarando malentendidos, recordando acuerdos pasados o detectando la necesidad de una mediaci\u00f3n entre miembros de la asamblea.<\/p>\n<\/div>\n<p>Esto nos lleva a un aspecto inevitable del asamblearismo en particular, pero de toda forma de relaci\u00f3n social en general, que es el <strong>conflicto<\/strong>. Y es que, a pesar de la facilitaci\u00f3n no violenta, siempre existe la posibilidad de conflictos, debido a los contextos cambiantes y la pluralidad de perfiles que pueden llegar a conformar los grupos, especialmente si son numerosos y en contextos de movimientos sociales. En relaci\u00f3n con este aspecto, la labor de la facilitaci\u00f3n es tratar de <strong>prevenir los conflictos<\/strong> utilizando las din\u00e1micas mentadas con anterioridad. Pero cuando surge el conflicto, es necesario aplicar t\u00e9cnicas focalizadas en relajar las tensiones y abordar constructivamente la fuente de los problemas. Como explican Nacho Garc\u00eda et al. (2019), para esta labor es necesario diferenciar entre <strong>necesidades<\/strong> y <strong>estrategias<\/strong>. Las primeras se refieren a aquello que emocionalmente necesitamos para sentir bienestar. Las segundas denotan los modos en que podemos satisfacer las necesidades.<\/p>\n<div class=\"featured featured-grey\"><p>Por ejemplo, un integrante de un colectivo puede necesitar sentirse escuchado, pero existen muchas formas de conseguirlo. Si siente dificultades para participar en un grupo grande, se podr\u00eda integrar en un grupo peque\u00f1o. Si le cuesta expresar sus ideas, se le puede conceder un margen de tiempo para que las prepare de cara a otra asamblea. Los conflictos que derivan de estrategias se resuelven encontrando propuestas que a\u00fanen las necesidades de los diferentes integrantes. En cambio, cuando los conflictos derivan de necesidades diferentes, es necesario abordar con detalle si el movimiento puede satisfacerlas y qu\u00e9 conllevar\u00eda, lo que puede llevar a una transformaci\u00f3n del movimiento. La diferenciaci\u00f3n entre necesidades y estrategias posibilita usar una <strong>comunicaci\u00f3n no violenta<\/strong>, que permita entender las necesidades de los otros invit\u00e1ndonos a construir estrategias comunes (Garc\u00eda et al., 2019).<\/p>\n<\/div>\n<p>De ah\u00ed la importancia de comprender la labor de la <strong>facilitaci\u00f3n<\/strong> y sus implicaciones, que no solo son pensadas, sino que tambi\u00e9n son <strong>sentidas<\/strong>. En este sentido, una buena facilitaci\u00f3n no solo se piensa, sino que tambi\u00e9n se siente en nuestros propios cuerpos, lo que posibilita politizar el malestar en movilizaci\u00f3n. O, como expresan en la PAH, reconvertir a las personas afectadas de sujetos pasivos necesitados de asistencia externa en sujetos activos dispuestos a hacer pol\u00edtica.<\/p>\n<p>A este respecto, nos es \u00fatil el concepto de <strong>sentipensante<\/strong> manejado por el soci\u00f3logo Fals Borda (2009), que se\u00f1ala precisamente la necesidad de pensar, pero tambi\u00e9n de sentir los fen\u00f3menos sobre los que reflexionamos.<\/p>\n<p><iframe loading=\"lazy\" title=\"Orlando Fals Borda: la verdad sentipensante\" width=\"640\" height=\"360\" src=\"https:\/\/www.youtube.com\/embed\/ObBk5lxYSok?feature=oembed\" frameborder=\"0\" allow=\"accelerometer; autoplay; clipboard-write; encrypted-media; gyroscope; picture-in-picture; web-share\" referrerpolicy=\"strict-origin-when-cross-origin\" allowfullscreen><\/iframe><\/p>\n<p>Finalmente, en los movimientos asamblearios tambi\u00e9n existe un riesgo plausible (Delgado, 2016) de generar cosmovisiones en las que se desdibujen las desigualdades y condiciones materiales en las que se enmarcan la interacciones que se producen en estos espacios. Frente a este riesgo, ser\u00eda necesario incorporar a nuestros an\u00e1lisis las <strong>situaciones interseccionales<\/strong> en las que las personas participantes se ven inmersas, c\u00f3mo influyen en el proceso de toma de decisiones y c\u00f3mo se podr\u00edan tener en cuenta en la labor de la facilitaci\u00f3n. Es decir, tener en cuenta las desigualdades de clase, g\u00e9nero, \u00e9tnicas o de estatus migratorio, entre otras, y c\u00f3mo estas pueden condicionar la capacidad de tomar la palabra, e incluso tener la disponibilidad para formar parte de la asamblea. Cuando tales condiciones se invisibilizan, se puede caer en el <strong>ciudadanismo<\/strong>, que establece una falsa identidad igualitaria en la que se considera que todo el mundo puede participar de manera horizontal, cuando en realidad se encuentran en situaciones sociales divergentes (Delgado, 2009).<\/p>\n<p><div class=\"featured featured-grey\"><p>Barbara Sutton (2007) se\u00f1ala c\u00f3mo la <a href=\"http:\/\/processos-grupals-aula.azurewebsites.net\/es\/2-5-2-a-que-llamamos-resistencia\/\" target=\"_blank\" rel=\"noopener\"><strong>resistencia<\/strong><\/a>, m\u00e1s all\u00e1 de la defensa de determinadas ideas o visiones, va siempre acompa\u00f1ada de un intenso compromiso corporal, en lo que se conoce como <strong>\u00abponer el cuerpo\u00bb<\/strong>. El cuerpo es la base de muchas acciones que se llevan a cabo en situaciones de protesta (cantar, gritar, bloquear calles, enfrentarse a la polic\u00eda, etc.). Adem\u00e1s, sirve como texto o argumento pol\u00edtico en s\u00ed mismo (disfraz\u00e1ndose, maquill\u00e1ndose, llevando camisetas con esl\u00f3ganes, etc.). Unos cuerpos que imponen tambi\u00e9n sus propias limitaciones y necesidades (comer y beber, exponerse a las adversidades clim\u00e1ticas, ir al ba\u00f1o, descansar, etc.), que pueden ser en s\u00ed mismas variables en funci\u00f3n del g\u00e9nero, la clase social u otras situaciones. Estas particularidades de algunos cuerpos a menudo han sido utilizadas como argumento para su exclusi\u00f3n de los escenarios de protesta, por ser considerados m\u00e1s vulnerables y fr\u00e1giles, especialmente en situaciones de riesgo.<\/p>\n<p>De aqu\u00ed la relevancia de las comisiones de diversidad funcional en el 15M (Arenas y Pi\u00e9, 2014), como experiencias que contribuyeron a:<\/p>\n<ul>\n<li>Poner el tema de la accesibilidad en el centro de las din\u00e1micas asamblearias.<\/li>\n<li>Incorporar en la discusi\u00f3n sobre lo <em>com\u00fan<\/em> reivindicaciones que normalmente quedaban en los m\u00e1rgenes, al entenderse como minoritarias, facilitando as\u00ed la generaci\u00f3n de nuevas alianzas (Pi\u00e9 y Arenas, 2021).<\/li>\n<li>Actualizar los imaginarios de \u00ablo que puede un cuerpo\u00bb en un contexto de protesta, tambi\u00e9n entre las personas con diversidad funcional.<br \/>\n<\/div><\/li>\n<\/ul>\n","protected":false},"excerpt":{"rendered":"<p>Todas estas t\u00e9cnicas y din\u00e1micas deben prestar atenci\u00f3n tambi\u00e9n a algunos potenciales riesgos. Por ejemplo, puede suceder que se genere y propaguen chismes y rumores que, si bien pueden fortalecer temporalmente los v\u00ednculos de las personas que los comparten \u2013ante la sensaci\u00f3n de camarilla que conforman\u2013, pueden acabar siendo fuentes de conflictos en el conjunto [&hellip;]<\/p>\n","protected":false},"author":2,"featured_media":0,"parent":0,"menu_order":0,"comment_status":"closed","ping_status":"closed","template":"","meta":{"footnotes":""},"acf":[],"_links":{"self":[{"href":"http:\/\/processos-grupals-aula.azurewebsites.net\/es\/wp-json\/wp\/v2\/pages\/1089"}],"collection":[{"href":"http:\/\/processos-grupals-aula.azurewebsites.net\/es\/wp-json\/wp\/v2\/pages"}],"about":[{"href":"http:\/\/processos-grupals-aula.azurewebsites.net\/es\/wp-json\/wp\/v2\/types\/page"}],"author":[{"embeddable":true,"href":"http:\/\/processos-grupals-aula.azurewebsites.net\/es\/wp-json\/wp\/v2\/users\/2"}],"replies":[{"embeddable":true,"href":"http:\/\/processos-grupals-aula.azurewebsites.net\/es\/wp-json\/wp\/v2\/comments?post=1089"}],"version-history":[{"count":4,"href":"http:\/\/processos-grupals-aula.azurewebsites.net\/es\/wp-json\/wp\/v2\/pages\/1089\/revisions"}],"predecessor-version":[{"id":1388,"href":"http:\/\/processos-grupals-aula.azurewebsites.net\/es\/wp-json\/wp\/v2\/pages\/1089\/revisions\/1388"}],"wp:attachment":[{"href":"http:\/\/processos-grupals-aula.azurewebsites.net\/es\/wp-json\/wp\/v2\/media?parent=1089"}],"curies":[{"name":"wp","href":"https:\/\/api.w.org\/{rel}","templated":true}]}}