{"id":1149,"date":"2024-01-04T04:03:53","date_gmt":"2024-01-04T02:03:53","guid":{"rendered":"http:\/\/processos-grupals-aula.azurewebsites.net\/?page_id=1149"},"modified":"2024-02-14T21:19:39","modified_gmt":"2024-02-14T19:19:39","slug":"5-1-introduccion","status":"publish","type":"page","link":"http:\/\/processos-grupals-aula.azurewebsites.net\/es\/5-1-introduccion\/","title":{"rendered":"5.1. Introducci\u00f3n"},"content":{"rendered":"<p>Como hemos visto, la relaci\u00f3n entre los movimientos sociales y el \u00e1mbito institucional est\u00e1 siempre presente, de una manera u otra, generando posibles conflictos y dilemas a los que sus participantes se tienen que ir enfrentando. No obstante, esos dilemas y contradicciones se producen tambi\u00e9n desde el otro lado de la relaci\u00f3n, es decir, desde el \u00e1mbito institucional: <strong>\u00bfcu\u00e1l es o puede ser el posicionamiento ante los movimientos sociales de personas que ejercen su profesi\u00f3n en un contexto institucional, especialmente aquellos con quienes comparten \u00e1mbito de acci\u00f3n o intervenci\u00f3n?<\/strong><\/p>\n<p>A modo de cierre de todo este recorrido anal\u00edtico sobre el an\u00e1lisis de fen\u00f3menos grupales, colectivos y de movimientos sociales, abrimos este espacio para invitar a la reflexi\u00f3n desde este ejercicio de ida y vuelta. Lo iniciaremos desde la perspectiva investigadora, ya que hasta ahora hemos presentado una aproximaci\u00f3n a esos fen\u00f3menos fundamentalmente desde esa mirada anal\u00edtica e investigativa. Pero, a continuaci\u00f3n, tendremos en cuenta tambi\u00e9n la perspectiva de la acci\u00f3n o la intervenci\u00f3n social, donde es frecuente que profesionales del campo tengan que dialogar y trabajar junto con activistas y movimientos sociales que, a menudo, pueden estar cuestionando su papel o sus decisiones.<\/p>\n","protected":false},"excerpt":{"rendered":"<p>Como hemos visto, la relaci\u00f3n entre los movimientos sociales y el \u00e1mbito institucional est\u00e1 siempre presente, de una manera u otra, generando posibles conflictos y dilemas a los que sus participantes se tienen que ir enfrentando. No obstante, esos dilemas y contradicciones se producen tambi\u00e9n desde el otro lado de la relaci\u00f3n, es decir, desde [&hellip;]<\/p>\n","protected":false},"author":2,"featured_media":0,"parent":0,"menu_order":0,"comment_status":"closed","ping_status":"closed","template":"","meta":{"footnotes":""},"acf":[],"_links":{"self":[{"href":"http:\/\/processos-grupals-aula.azurewebsites.net\/es\/wp-json\/wp\/v2\/pages\/1149"}],"collection":[{"href":"http:\/\/processos-grupals-aula.azurewebsites.net\/es\/wp-json\/wp\/v2\/pages"}],"about":[{"href":"http:\/\/processos-grupals-aula.azurewebsites.net\/es\/wp-json\/wp\/v2\/types\/page"}],"author":[{"embeddable":true,"href":"http:\/\/processos-grupals-aula.azurewebsites.net\/es\/wp-json\/wp\/v2\/users\/2"}],"replies":[{"embeddable":true,"href":"http:\/\/processos-grupals-aula.azurewebsites.net\/es\/wp-json\/wp\/v2\/comments?post=1149"}],"version-history":[{"count":2,"href":"http:\/\/processos-grupals-aula.azurewebsites.net\/es\/wp-json\/wp\/v2\/pages\/1149\/revisions"}],"predecessor-version":[{"id":1315,"href":"http:\/\/processos-grupals-aula.azurewebsites.net\/es\/wp-json\/wp\/v2\/pages\/1149\/revisions\/1315"}],"wp:attachment":[{"href":"http:\/\/processos-grupals-aula.azurewebsites.net\/es\/wp-json\/wp\/v2\/media?parent=1149"}],"curies":[{"name":"wp","href":"https:\/\/api.w.org\/{rel}","templated":true}]}}