{"id":127,"date":"2023-01-17T13:02:21","date_gmt":"2023-01-17T11:02:21","guid":{"rendered":"http:\/\/processos-grupals-aula.azurewebsites.net\/?page_id=127"},"modified":"2023-03-02T18:36:30","modified_gmt":"2023-03-02T16:36:30","slug":"4-1-introduccion","status":"publish","type":"page","link":"http:\/\/processos-grupals-aula.azurewebsites.net\/es\/4-1-introduccion\/","title":{"rendered":"4.1. Introducci\u00f3n"},"content":{"rendered":"<p>Los movimientos sociales tratan de cuestionar alguna pol\u00edtica o condici\u00f3n social de la cual responsabilizan a las instituciones, lo que revela una manifiesta tensi\u00f3n hacia ellas, rechazo o distanciamiento (Buechler, 2016). De manera que, en el contexto del estudio de los movimientos sociales, cuando hablamos de proceso de <strong>institucionalizaci\u00f3n<\/strong>, suele hacerse referencia a la fase final del proceso de movilizaci\u00f3n (Kriesi, 2016; Tarrow, 2012). En esta \u00faltima fase, el movimiento social ha perdido completamente su car\u00e1cter conflictivo y revolucionario, se ha desradicalizado (Morgan, 2007), ha jerarquizado su estructura organizativa (Ibarra, 2000) y ha adquirido una forma de funcionamiento cada vez m\u00e1s similar a la de los grupos de inter\u00e9s y partidos pol\u00edticos.<\/p>\n<p>Como veremos a continuaci\u00f3n, podemos analizar el proceso de institucionalizaci\u00f3n de los movimientos b\u00e1sicamente desde dos perspectivas. Por un lado, poniendo el foco en los posibles cambios de modelo organizativo, siguiendo propuestas te\u00f3ricas de la<a href=\"http:\/\/processos-grupals.aula.uoc.edu\/es\/3-3-2-el-enfoque-de-la-movilizacion-de-recursos\/\" rel=\"noopener\"><strong> movilizaci\u00f3n de recursos<\/strong><\/a>. Por otro lado, atendiendo a la orientaci\u00f3n y estrategia pol\u00edtica del movimiento en relaci\u00f3n con el contexto institucional de cada momento, siguiendo las propuestas te\u00f3ricas de la <a href=\"http:\/\/processos-grupals.aula.uoc.edu\/es\/3-3-4-el-enfoque-del-proceso-politico\/\"><strong>estructura de oportunidad pol\u00edtica<\/strong><\/a>.<\/p>\n<p>Pero \u00bfla institucionalizaci\u00f3n equivale realmente al fin de los movimientos sociales? Para autoras como Ferr\u00e9e y Martin (1995) esta no significa un abandono de los objetivos ni de las pr\u00e1cticas, ni una desradicalizaci\u00f3n de la movilizaci\u00f3n, sino un inter\u00e9s por <strong>permanecer en el tiempo<\/strong>. Un ejemplo ser\u00eda el movimiento feminista estadounidense, cuya preocupaci\u00f3n es la supervivencia de las organizaciones. Esta supervivencia precisa de efectividad, de manera que las asociaciones pueden depender de las instituciones estrat\u00e9gicamente.\u00a0As\u00ed mismo, autores como Alain Touraine o Manuel Castells han contemplado la posible coexistencia de <strong>modelos revolucionarios y reformistas<\/strong>, en funci\u00f3n de la orientaci\u00f3n ideol\u00f3gica de la movilizaci\u00f3n (Pichardo, 1997) y su relaci\u00f3n con las instituciones (Santamarina, 2008).\u00a0Si tomamos como ejemplo algunas de las movilizaciones que actualmente nos rodean (el movimiento feminista, LGTBI+, antirracista o anticapacitista), vemos que parte de sus demandas han sido absorbidas por las instituciones (Coll-Planas y Cruells, 2017), mediante la creaci\u00f3n de organismos y el desarrollo de pol\u00edticas p\u00fablicas (Ruiz, 2009), pero que, a su vez, siguen existiendo acciones reivindicativas y protestas en formas de manifestaciones en las calles.<\/p>\n","protected":false},"excerpt":{"rendered":"<p>Los movimientos sociales tratan de cuestionar alguna pol\u00edtica o condici\u00f3n social de la cual responsabilizan a las instituciones, lo que revela una manifiesta tensi\u00f3n hacia ellas, rechazo o distanciamiento (Buechler, 2016). De manera que, en el contexto del estudio de los movimientos sociales, cuando hablamos de proceso de institucionalizaci\u00f3n, suele hacerse referencia a la fase [&hellip;]<\/p>\n","protected":false},"author":2,"featured_media":0,"parent":0,"menu_order":0,"comment_status":"closed","ping_status":"closed","template":"","meta":{"footnotes":""},"acf":[],"_links":{"self":[{"href":"http:\/\/processos-grupals-aula.azurewebsites.net\/es\/wp-json\/wp\/v2\/pages\/127"}],"collection":[{"href":"http:\/\/processos-grupals-aula.azurewebsites.net\/es\/wp-json\/wp\/v2\/pages"}],"about":[{"href":"http:\/\/processos-grupals-aula.azurewebsites.net\/es\/wp-json\/wp\/v2\/types\/page"}],"author":[{"embeddable":true,"href":"http:\/\/processos-grupals-aula.azurewebsites.net\/es\/wp-json\/wp\/v2\/users\/2"}],"replies":[{"embeddable":true,"href":"http:\/\/processos-grupals-aula.azurewebsites.net\/es\/wp-json\/wp\/v2\/comments?post=127"}],"version-history":[{"count":7,"href":"http:\/\/processos-grupals-aula.azurewebsites.net\/es\/wp-json\/wp\/v2\/pages\/127\/revisions"}],"predecessor-version":[{"id":1010,"href":"http:\/\/processos-grupals-aula.azurewebsites.net\/es\/wp-json\/wp\/v2\/pages\/127\/revisions\/1010"}],"wp:attachment":[{"href":"http:\/\/processos-grupals-aula.azurewebsites.net\/es\/wp-json\/wp\/v2\/media?parent=127"}],"curies":[{"name":"wp","href":"https:\/\/api.w.org\/{rel}","templated":true}]}}