{"id":39,"date":"2023-01-17T11:58:19","date_gmt":"2023-01-17T09:58:19","guid":{"rendered":"http:\/\/processos-grupals-aula.azurewebsites.net\/?page_id=39"},"modified":"2023-02-14T14:01:36","modified_gmt":"2023-02-14T12:01:36","slug":"1-2-1-introduccion","status":"publish","type":"page","link":"http:\/\/processos-grupals-aula.azurewebsites.net\/es\/1-2-1-introduccion\/","title":{"rendered":"1.2.1. Introducci\u00f3n"},"content":{"rendered":"<p>Retomamos el c\u00e9lebre libro de Serge Moscovici que lleva ese t\u00edtulo para acercarnos a los dos conceptos clave que nos interesa resaltar: las <strong>masas<\/strong> y los <strong>p\u00fablicos<\/strong>. En el subt\u00edtulo de este trabajo se condensa la idea seminal del libro: un tratado hist\u00f3rico de la psicolog\u00eda de las masas. As\u00ed, como hemos visto antes, las ciencias sociales y humanas han crecido con un tema que les preocupa desde las revoluciones del siglo <span class=\"roman\">XVIII<\/span>: \u00bfc\u00f3mo es posible que aparezcan multitudes ca\u00f3ticas, enardecidas, desbocadas, en lugares en donde la individualidad est\u00e1 siendo reconocida como una entidad legal y social? Debemos recordar que, aunque el tema de la multitud llamada masa comienza a tratarse por las revoluciones, no es hasta el siglo <span class=\"roman\">XX<\/span> cuando pr\u00e1cticamente se multiplican los libros que pretenden dar cuenta de ese fen\u00f3meno y que hacen surgir el concepto de \u00abmasivo\u00bb. El conjunto de gente estudiosa de diversas disciplinas nacientes en esa \u00e9poca (filosof\u00eda de la cultura, psicolog\u00eda colectiva, criminolog\u00eda, sociolog\u00eda de las multitudes, etc.) dedican largos tratados al tema de las masas.<\/p>\n<p>Sin entrar en detalles de explicaci\u00f3n, basta mencionar algunos libros cl\u00e1sicos que son publicados: Wilhelm Wundt, con su monumental <em>Psicolog\u00eda de los pueblos<\/em> (W\u00f6lkerpsychologie), publicada en diez tomos entre 1900 y 1920; Scipio Sighele, en 1891, con <em>La muchedumbre delincuente<\/em>; Gustave Le Bon, con la <em>Psicolog\u00eda de las masas<\/em>, en 1895 (hay algunas acusaciones de plagio por parte de Sighele); Gabriel Tarde, en 1901, con <em>La opini\u00f3n y la multitud<\/em>; Sigmund Freud, que publica en 1921 su <em>Psicolog\u00eda de las masas y an\u00e1lisis del yo<\/em>; Elias Canetti, que desde 1925, y durante d\u00e9cadas, va dando forma a su <em>Masa y poder<\/em>, que alcanza a abordar fen\u00f3menos de masa tan exaltados como los que cobijaron la aventura criminal del nazismo.<\/p>\n<p>En fin, que la lista de nombres dedicados al estudio de la masa y de lo masivo como fuerza irracional y destructiva es significativa y, en el caso de Tarde, la aparici\u00f3n de los p\u00fablicos y de la opini\u00f3n p\u00fablica como forma m\u00e1s \u00fatil y menos prejuiciada de estudiar a las multitudes. Por ende, ser\u00e1 \u00fatil acercarnos a ambos conceptos, masa y p\u00fablico, para colocar los cimientos conceptuales de nuestros siguientes apartados.<\/p>\n","protected":false},"excerpt":{"rendered":"<p>Retomamos el c\u00e9lebre libro de Serge Moscovici que lleva ese t\u00edtulo para acercarnos a los dos conceptos clave que nos interesa resaltar: las masas y los p\u00fablicos. En el subt\u00edtulo de este trabajo se condensa la idea seminal del libro: un tratado hist\u00f3rico de la psicolog\u00eda de las masas. As\u00ed, como hemos visto antes, las [&hellip;]<\/p>\n","protected":false},"author":2,"featured_media":0,"parent":0,"menu_order":0,"comment_status":"closed","ping_status":"closed","template":"","meta":{"footnotes":""},"acf":[],"_links":{"self":[{"href":"http:\/\/processos-grupals-aula.azurewebsites.net\/es\/wp-json\/wp\/v2\/pages\/39"}],"collection":[{"href":"http:\/\/processos-grupals-aula.azurewebsites.net\/es\/wp-json\/wp\/v2\/pages"}],"about":[{"href":"http:\/\/processos-grupals-aula.azurewebsites.net\/es\/wp-json\/wp\/v2\/types\/page"}],"author":[{"embeddable":true,"href":"http:\/\/processos-grupals-aula.azurewebsites.net\/es\/wp-json\/wp\/v2\/users\/2"}],"replies":[{"embeddable":true,"href":"http:\/\/processos-grupals-aula.azurewebsites.net\/es\/wp-json\/wp\/v2\/comments?post=39"}],"version-history":[{"count":4,"href":"http:\/\/processos-grupals-aula.azurewebsites.net\/es\/wp-json\/wp\/v2\/pages\/39\/revisions"}],"predecessor-version":[{"id":416,"href":"http:\/\/processos-grupals-aula.azurewebsites.net\/es\/wp-json\/wp\/v2\/pages\/39\/revisions\/416"}],"wp:attachment":[{"href":"http:\/\/processos-grupals-aula.azurewebsites.net\/es\/wp-json\/wp\/v2\/media?parent=39"}],"curies":[{"name":"wp","href":"https:\/\/api.w.org\/{rel}","templated":true}]}}