{"id":40,"date":"2023-01-17T12:01:48","date_gmt":"2023-01-17T10:01:48","guid":{"rendered":"http:\/\/processos-grupals-aula.azurewebsites.net\/?page_id=40"},"modified":"2024-09-12T16:56:23","modified_gmt":"2024-09-12T14:56:23","slug":"1-2-2-las-masas","status":"publish","type":"page","link":"http:\/\/processos-grupals-aula.azurewebsites.net\/es\/1-2-2-las-masas\/","title":{"rendered":"1.2.2. Las masas"},"content":{"rendered":"<p>Dec\u00edamos que la Revoluci\u00f3n Francesa y la posterior en Estados Unidos, ambas ocurridas en el final del siglo <span class=\"roman\">XVIII<\/span>, comenzaron a interesar a las Ciencias Sociales y Humanas como la historia, la psicolog\u00eda, la criminolog\u00eda o la sociolog\u00eda, que buscaron comprender c\u00f3mo era posible que un pueblo se alzara en armas de manera tan contundente y feroz. La insurrecci\u00f3n les parec\u00eda incomprensible porque supon\u00edan que era debida a una s\u00fabita efervescencia como surgida de la nada, sin comprender las causas internas, larvadas durante cientos de a\u00f1os que hab\u00edan llegado a un punto insoportable y que la gente, la <strong>multitud<\/strong>, se envalentonaba para dar un golpe de tim\u00f3n a la historia aparentemente tersa y sin conflictos masivos.<\/p>\n<p>De esta sorpresa, entre comillas, surge la explicaci\u00f3n m\u00e1s a la mano y que viene sugerida por el crimin\u00f3logo Sighele: la <strong>multitud<\/strong>, la <strong>muchedumbre<\/strong>, es delincuente porque est\u00e1 movida por afectos, apetencias escondidas y no se caracteriza por una racionalidad que permita comprender por qu\u00e9 ocurre una revuelta. As\u00ed, casi todas las obras dedicadas a estudiar a la <strong>masa<\/strong> la caracterizan como una multitud irracional, desprovista de argumentos y razones, que se mueve por una especie de <strong>contagio<\/strong> como si fuera una epidemia y hace desaparecer la individualidad y la correcci\u00f3n. No ser\u00eda el resultado de muchos individuos juntos, sino un solo ser, [\u2026] un protagonista unitario, inseparable, distinto del agregado de los muchos individuos que lo componen (Fern\u00e1ndez-Christlieb: 1994, p. 33). En esta l\u00ednea, Gustave Le Bon (2016, p. 15) dir\u00e1 que la masa es aquel conjunto de individuos en el que la personalidad consciente se esfuma, los sentimientos y las ideas de todas las unidades se orientan en una misma direcci\u00f3n. Se forma un alma colectiva, indudablemente transitoria, pero que presenta caracter\u00edsticas muy definidas. La colectividad se convierte entonces en masa organizada o, si se prefiere, masa psicol\u00f3gica. <strong>Forma un solo ser y est\u00e1 sometida a la ley de la unidad mental de las masas<\/strong>.<\/p>\n<p>Es as\u00ed como se interpretan los procesos de <strong>p\u00e1nico colectivo<\/strong>, como el generado de la cl\u00e1sica radiodifusi\u00f3n de Orson Welles sobre la obra <em>La Guerra de los Mundos, <\/em>de 1938. Siguiendo a Crocq <em>et al.<\/em>, (1987), Dupuy propone que el p\u00e1nico ser\u00eda <strong>un miedo colectivo intenso, sentido simult\u00e1neamente por todos los individuos de toda una poblaci\u00f3n, caracterizado por la vuelta de las conciencias a un estado arcaico, impulsivo y gregario<\/strong> (Dupuy, 1999, p. 41).\u00a0De este modo, ante una cat\u00e1strofe natural o de origen humano, el p\u00e1nico ocurrir\u00eda en el momento en que <strong>las conciencias individuales de un grupo de personas se fusionaran en una masa colectiva de comportamiento automatizado e irracional<\/strong>. Una vez m\u00e1s, existe debate acerca de si el p\u00e1nico como proceso colectivo ser\u00eda el resultado de la suma de los miedos y de los comportamientos irracionales de cada persona ante la cat\u00e1strofe presentada; o si, por el contrario, ese p\u00e1nico como elemento colectivo ser\u00eda efecto de una imitaci\u00f3n del comportamiento de los dem\u00e1s que, en este tipo de situaciones, resuena de forma colectiva en todas las personas.<\/p>\n<p>Adem\u00e1s, como colof\u00f3n a esa visi\u00f3n nada amable con las multitudes llamadas <strong>masa<\/strong>, comienza a aparecer una figura que explica ese movimiento: el <strong>l\u00edder<\/strong>, el dirigente. Como si la gente en multitud fuera una manada que sigue las voces de un pastor, las <strong>teor\u00edas de las masas<\/strong> no encuentran mejor explicaci\u00f3n a esa insurgencia que argumentar que debe existir un personaje que cautive, que embruje a las masas para llevarlas por alg\u00fan sitio. As\u00ed, se lee en <em>Psicolog\u00eda de las Multitudes<\/em> de Le Bon (1973, p. 128):<\/p>\n<blockquote><p>\u00abla multitud est\u00e1 dispuesta siempre a escuchar al hombre que, dotado de una fuerte voluntad, sabe imponerse a ella. Los hombres, reunidos en masas, pierden toda voluntad y, por tanto, se inclinan, por instinto, hac\u00eda quien est\u00e1 dotado de ella\u00bb.<\/p><\/blockquote>\n<p>Como puede verse, tenemos la f\u00f3rmula m\u00e1s simplificada de un fen\u00f3meno que merec\u00eda m\u00e1s atenci\u00f3n: la <strong>multitud<\/strong> es incapaz de argumentar, de pensar y se desboca al llamado carism\u00e1tico de una persona que debe contener todos los atributos. Por cierto, as\u00ed nace cierta tradici\u00f3n en la administraci\u00f3n gerencial y en ciertas psicolog\u00edas del trabajo que siguen fomentando las dotes de \u00abliderazgo\u00bb como si la f\u00f3rmula para movilizar a la gente radicara en encontrar al l\u00edder ideal, al prototipo de h\u00e9roe al que sigue d\u00f3cilmente toda la chusma provista solo de emocionalidad.<\/p>\n<div class=\"featured featured-grey\"><p>La pel\u00edcula <em>El club de la lucha<\/em> (David Fincher, 1999) inspirada en la novela <em>Fight Club<\/em> (Chuck Palahniuk, 1996) cuenta la historia de una organizaci\u00f3n anticapitalista y anticorporativista de lucha clandestina creada en los Estados Unidos. Su l\u00edder (Tyler) crea un club de lucha como forma de terapia que suma seguidores en todo el pa\u00eds. La pel\u00edcula plantea la idea de desafiar las normas sociales mostrando la importancia del l\u00edder capaz de cautivar multitudes. \u00bfQu\u00e9 relaci\u00f3n existe entre los seguidores de Tyler en el club de lucha con la visi\u00f3n de multitudes planteada en este apartado?<\/p>\n<\/div>\n<p>As\u00ed, las <strong>emociones<\/strong> han sido tradicionalmente elementos centrales a la hora de articular la acci\u00f3n social, pero estas han sido convencionalmente analizadas desde marcos interpretativos simples y reduccionistas, algunos de los cuales perduran en la actualidad. Lo encontramos, por ejemplo, en el caso del <strong>efecto contagio<\/strong>, que se utiliza para explicar el comportamiento colectivo aludiendo a la met\u00e1fora de la propagaci\u00f3n de un virus entre las diferentes personas interpeladas en el suceso llevado a cabo (V\u00e1zquez, 2003). Mediante la intervenci\u00f3n de los procesos psicol\u00f3gicos de cada individuo (percepci\u00f3n, atenci\u00f3n, inteligencia emocional, afectos, etc.), la observaci\u00f3n de una reacci\u00f3n, un comportamiento o una emoci\u00f3n de una persona puede conllevar que las personas observadoras o participantes se contagien de ese comportamiento, dando lugar a un comportamiento colectivo particular.<\/p>\n<div class=\"featured featured-grey\"><p>Un ejemplo bajo el que entender ese supuesto efecto contagio ser\u00eda el de las din\u00e1micas de las redes sociales, como Twitter. Por ejemplo, una artista sube un v\u00eddeo en Espa\u00f1a cort\u00e1ndose el pelo con el <em>hashtag<\/em> #Ir\u00e1n como forma de protesta tras la muerte de la iran\u00ed Mahsa Amini, que fue asesinada por la polic\u00eda de la moral iran\u00ed por considerar que llevaba el <em>hijab<\/em> obligatorio mal puesto. Tras esto, otro perfil de la red social descubre el v\u00eddeo, lo retuitea y al d\u00eda siguiente tambi\u00e9n decide cortarse el pelo. Tras volverse viral, en una semana miles de personas acuden a la misma manifestaci\u00f3n cort\u00e1ndose el pelo como forma de protesta.<\/p>\n<p><a href=\"https:\/\/www.instagram.com\/reel\/Cja26tHoMt4\/?utm_source=ig_embed&amp;amp;utm_campaign=loading\"><img loading=\"lazy\" decoding=\"async\" class=\"alignnone wp-image-1011 size-medium\" src=\"\/wp-content\/uploads\/2023\/03\/PID_00292896_05-224x300.jpg\" alt=\"\" width=\"224\" height=\"300\" srcset=\"\/wp-content\/uploads\/2023\/03\/PID_00292896_05-224x300.jpg 224w, \/wp-content\/uploads\/2023\/03\/PID_00292896_05.jpg 400w\" sizes=\"(max-width: 224px) 100vw, 224px\" \/><\/a><\/p>\n<p>En un caso como este, podr\u00edamos decir que ha habido un efecto contagio entre estas personas. Para esta conceptualizaci\u00f3n, la mera observaci\u00f3n de otras personas es lo que produce que las dem\u00e1s comiencen a movilizarse y actuar de la misma forma. Como podemos observar, se trata de una explicaci\u00f3n que adolece de ser demasiado simple y reduccionista del comportamiento colectivo, que no termina de explicar de d\u00f3nde procede o c\u00f3mo se produce ese contagio (por ejemplo, creencias o valores positivos relacionados con la conservaci\u00f3n del medio ambiente), reduci\u00e9ndose a la observaci\u00f3n en s\u00ed como causa.<\/p>\n<\/div>\n<p>Lo mismo suceder\u00eda al tratar de explicar las situaciones de <strong>p\u00e1nico<\/strong> en tanto que una forma de comportamiento colectivo gregario, irracional y asocial, provocado, por ejemplo, por una cat\u00e1strofe natural o humana. Tal y como argumenta Dupuy, <strong>el p\u00e1nico podr\u00eda tratarse de un mito, <\/strong>ya que cuando ocurren estas situaciones, la gente tiende precisamente a comportarse de maneras m\u00e1s c\u00edvicas y racionales: emergen m\u00e1s pr\u00e1cticas de <a href=\"http:\/\/processos-grupals.aula.uoc.edu\/es\/1-3-3-los-grupos-de-clase-sindicatos-y-cooperativas\/\" rel=\"noopener\"><strong>apoyo mutuo<\/strong><\/a>, las personas se coordinan y cooperan m\u00e1s que nunca, los grupos llevan a cabo m\u00e1s acciones de cuidado y se respetan m\u00e1s las normas en la b\u00fasqueda de solucionar la cat\u00e1strofe.\u00a0Solo tenemos que pensar en el comportamiento de un grupo de personas ante una cat\u00e1strofe ecol\u00f3gica, como el tsunami en Jap\u00f3n en 2011<u>,<\/u> un gran terremoto, donde todas se apresuran a correr en cualquier direcci\u00f3n de manera instintiva; pero a su vez, ese miedo colectivo articula una ayuda mutua para salvar a las personas m\u00e1s indefensas o para la b\u00fasqueda de personas perdidas.<\/p>\n<p><iframe loading=\"lazy\" title=\"Japan earthquake magnitude 9.1 | Japan tsunami 2011 compilation\" width=\"640\" height=\"360\" src=\"https:\/\/www.youtube.com\/embed\/EPjliKVtmUA?feature=oembed\" frameborder=\"0\" allow=\"accelerometer; autoplay; clipboard-write; encrypted-media; gyroscope; picture-in-picture; web-share\" referrerpolicy=\"strict-origin-when-cross-origin\" allowfullscreen><\/iframe><\/p>\n<p>E incluso, como plantea <strong>Bruno Latour<\/strong>, la <strong>par\u00e1lisis<\/strong> provocada por el p\u00e1nico generado a ra\u00edz de otra cat\u00e1strofe, como la pandemia por COVID-19 que estall\u00f3 en marzo de 2020 podr\u00eda ser reencuadrada como un <strong>modo de acci\u00f3n social frente a problemas globales tales como la emergencia clim\u00e1tica o las consecuencias indeseadas del capitalismo o la globalizaci\u00f3n. <\/strong>La pandemia nos oblig\u00f3 en un primer momento a encerrarnos en casa y permanecer aislados, y posteriormente a mucha gente le provoc\u00f3 miedo volver a salir, viajar, consumir, comprar, etc., como lo hac\u00edan antes, \u00bfpor qu\u00e9 no cuestionarnos <strong>qu\u00e9 acciones y pr\u00e1cticas de la <em>antigua normalidad <\/em>no queremos que vuelvan a ser como eran entonces, y preferimos mantenerlas <em>confinadas<\/em><\/strong>? (Latour, 2020).\u00a0Bajo la evidencia innegable de que el mundo se puede transformar dr\u00e1stica y r\u00e1pidamente, tal como ocurri\u00f3 en pocas semanas durante marzo y abril de 2020 (recordemos: animales que volvieron a habitar territorios alcanzados por los humanos, la limpieza atmosf\u00e9rica por los escasos veh\u00edculos en movimiento, el florecimiento del comercio local en las grandes ciudades ante la falta de turistas, etc.), lo que el autor nos propone es que <strong>nos mantengamos en esa par\u00e1lisis para aquellos modos de producci\u00f3n<\/strong> que son injustos con los pa\u00edses menos desarrollados, con los seres vivos no humanos, con los recursos naturales o con el planeta como el hogar en el que todas y todos habitamos. De este modo, ser\u00e1 posible transformar aquellas condiciones sociales que consideramos injustas, opresoras o negativas para ciertos colectivos.<\/p>\n<p><iframe loading=\"lazy\" title=\"Efectos de la cuarentena: Animales exploran las ciudades\" width=\"640\" height=\"360\" src=\"https:\/\/www.youtube.com\/embed\/_-1xatLEvM4?feature=oembed\" frameborder=\"0\" allow=\"accelerometer; autoplay; clipboard-write; encrypted-media; gyroscope; picture-in-picture; web-share\" referrerpolicy=\"strict-origin-when-cross-origin\" allowfullscreen><\/iframe><\/p>\n","protected":false},"excerpt":{"rendered":"<p>Dec\u00edamos que la Revoluci\u00f3n Francesa y la posterior en Estados Unidos, ambas ocurridas en el final del siglo , comenzaron a interesar a las Ciencias Sociales y Humanas como la historia, la psicolog\u00eda, la criminolog\u00eda o la sociolog\u00eda, que buscaron comprender c\u00f3mo era posible que un pueblo se alzara en armas de manera tan contundente [&hellip;]<\/p>\n","protected":false},"author":2,"featured_media":0,"parent":0,"menu_order":0,"comment_status":"closed","ping_status":"closed","template":"","meta":{"footnotes":""},"acf":[],"_links":{"self":[{"href":"http:\/\/processos-grupals-aula.azurewebsites.net\/es\/wp-json\/wp\/v2\/pages\/40"}],"collection":[{"href":"http:\/\/processos-grupals-aula.azurewebsites.net\/es\/wp-json\/wp\/v2\/pages"}],"about":[{"href":"http:\/\/processos-grupals-aula.azurewebsites.net\/es\/wp-json\/wp\/v2\/types\/page"}],"author":[{"embeddable":true,"href":"http:\/\/processos-grupals-aula.azurewebsites.net\/es\/wp-json\/wp\/v2\/users\/2"}],"replies":[{"embeddable":true,"href":"http:\/\/processos-grupals-aula.azurewebsites.net\/es\/wp-json\/wp\/v2\/comments?post=40"}],"version-history":[{"count":15,"href":"http:\/\/processos-grupals-aula.azurewebsites.net\/es\/wp-json\/wp\/v2\/pages\/40\/revisions"}],"predecessor-version":[{"id":1363,"href":"http:\/\/processos-grupals-aula.azurewebsites.net\/es\/wp-json\/wp\/v2\/pages\/40\/revisions\/1363"}],"wp:attachment":[{"href":"http:\/\/processos-grupals-aula.azurewebsites.net\/es\/wp-json\/wp\/v2\/media?parent=40"}],"curies":[{"name":"wp","href":"https:\/\/api.w.org\/{rel}","templated":true}]}}