{"id":48,"date":"2023-01-17T12:09:06","date_gmt":"2023-01-17T10:09:06","guid":{"rendered":"http:\/\/processos-grupals-aula.azurewebsites.net\/?page_id=48"},"modified":"2024-01-26T13:32:00","modified_gmt":"2024-01-26T11:32:00","slug":"1-4-3-los-grupos-de-clase-sindicatos-y-cooperativas","status":"publish","type":"page","link":"http:\/\/processos-grupals-aula.azurewebsites.net\/es\/1-4-3-los-grupos-de-clase-sindicatos-y-cooperativas\/","title":{"rendered":"1.4.3. Los grupos de clase: sindicatos y cooperativas"},"content":{"rendered":"<p>Comenzaremos por caracterizar a ciertos grupos que se definen por el concepto cl\u00e1sico de clase social. Obviamente, perduran desde una tradici\u00f3n de la econom\u00eda pol\u00edtica marxista que procur\u00f3 explicar los cambios sociales mediante la idea de clase social obrera y que le llam\u00f3 <em>proletariado<\/em> porque afirmaba que su valor econ\u00f3mico y social radicaba en su capacidad de reproducci\u00f3n, es decir, en tener prole o descendencia y que el sistema socioecon\u00f3mico se mantuviera a lo largo del tiempo.<\/p>\n<p>Hablemos de dos tipos de grupos de clase: los sindicatos y las cooperativas.<\/p>\n<p>Los <strong>sindicatos<\/strong> operan con una forma de comportamiento colectivo basado en la idea del trabajo asalariado, la reivindicaci\u00f3n de los derechos y las obligaciones vinculadas de manera gremial a un sector espec\u00edfico. Como sabemos, los sindicatos se agrupan mediante la adhesi\u00f3n de miembros, la asunci\u00f3n de unos principios y un discurso concreto que tiene que ver con la defensa y promoci\u00f3n de intereses laborales frente a un empleador (aunque la idea de sindicato se ha convertido tambi\u00e9n en elemento de grupalidad para sectores no directamente vinculados con el empleo, como los sindicatos de estudiantes, o de alquiler, etc.). Tambi\u00e9n como estrategia de identificaci\u00f3n grupal con una simbolog\u00eda representada en unas siglas, colores y lemas particulares. Esta identificaci\u00f3n grupal de corte minoritario es un motor de transformaci\u00f3n e influencia social porque pone sobre la mesa las condiciones concretas de un sector de la poblaci\u00f3n que labora en un sector determinado y que busca sus reivindicaciones de manera cr\u00edtica y con tono conflictivo.<\/p>\n<p>As\u00ed es como se forman originalmente los sindicatos para conseguir la transformaci\u00f3n. Subrayamos lo de \u00aboriginalmente\u00bb porque, como se sabe, todos los procesos de transformaci\u00f3n colectiva comienzan con minor\u00edas activas que poco a poco se van burocratizando hasta convertirse en instituciones. En ese momento, el proceso inicial de influencia minoritaria comienza a desvanecerse y opera como una forma m\u00e1s de lo convencional, de lo homog\u00e9neo. La din\u00e1mica constituida a lo largo de ese proceso termina en el anquilosamiento y, justo ah\u00ed, lo conveniente es generar una nueva disidencia minoritaria al interior de esa organizaci\u00f3n o instituci\u00f3n. O algo mucho mejor: formar otro sindicato nuevo y recuperar la tesitura que una minor\u00eda activa debe conservar mediante los estilos de comportamiento.<\/p>\n<div class=\"featured featured-grey\"><\/p>\n<p>Diversas referencias filmogr\u00e1ficas recogen experiencias de algunas tensiones que hist\u00f3ricamente se han ido produciendo en el interior del sindicalismo, por su incapacidad de dar respuesta a las necesidades e intereses de las mujeres en las esferas del empleo productivo y el reproductivo (asalariado o no) o a la situaci\u00f3n de las personas trabajadoras migrantes. Algunas de estas reivindicaciones han contribuido a transformar el sindicalismo desde dentro, pero en otras ocasiones han acabado dando lugar a organizaciones y reivindicaciones aut\u00f3nomas:<\/p>\n<ul>\n<li>En la pel\u00edcula del a\u00f1o 1954 de Herbert J. Biberman titulada <em>La Sal de la Tierra<\/em>, se muestra la experiencia de una huelga de trabajadores en una mina estadounidense, donde se aborda la discriminaci\u00f3n salarial de los trabajadores migrantes y se pone de manifiesto el papel clave jugado por sus mujeres, encargadas de las tareas dom\u00e9sticas no remuneradas.<\/li>\n<li>En la pel\u00edcula <em>Pago Justo<\/em>, de 2010, dirigida por Nigel Cole, se recoge la huelga protagonizada en 1969 por las mujeres empleadas en Ford en Londres, para reivindicar conseguir la igualdad de salario en la empresa respecto a los hombres que all\u00ed trabajaban. Unas reivindicaciones que acabaron dando lugar a una nueva ley sobre esta cuesti\u00f3n.<\/li>\n<li>En la pel\u00edcula <em>Pan y Rosas<\/em>, dirigida por Ken Loach, en el a\u00f1o 2000, se muestra la lucha de las empleadas de la limpieza, mayoritariamente migrantes, en un edificio de Los \u00c1ngeles reivindicando su derecho a sindicarse para mejorar sus condiciones laborales.<\/li>\n<\/ul>\n<p>\n<\/div>\n<p>Las<strong> cooperativas<\/strong> son asociaciones aut\u00f3nomas de personas voluntarias y en donde la gesti\u00f3n y gobierno dependen de los acuerdos de las personas integrantes o socias. Son grupos que comienzan con una idea seminal que pretende la colaboraci\u00f3n y el <strong>apoyo mutuo<\/strong>, como dir\u00eda Piotr Kropotkin y que recoge Dean Spade en su libro <em>Apoyo mutuo. Construir solidaridad en sociedades en crisis.<\/em> No surgen como entidades superorganizadas, sino como minor\u00edas que muestran una consistencia y una convicci\u00f3n que entusiasma a quienes se incorporan paulatinamente. Pueden mostrar tendencia hacia la producci\u00f3n de satisfactores b\u00e1sicos (alimentos, ropa, comercializaci\u00f3n, reciclaje tecnol\u00f3gico, cr\u00e9dito, ense\u00f1anza, etc.) y convertirse en una especie de gran laboratorio aut\u00f3nomo. Tambi\u00e9n pueden las cooperativas optar por el consumo y organizarse para conseguir los satisfactores directamente con los productores a menor precio, con mayor calidad.<\/p>\n<p>Esta forma de grupo ejerce una cr\u00edtica al modelo capitalista industrial que quiere mantener a la mayor\u00eda en el papel de meros consumidores o consumidoras, sin injerencia en los procesos productivos. Al apostar por la acci\u00f3n colectiva asociada en peque\u00f1os grupos introduce el germen de la <a href=\"http:\/\/processos-grupals.aula.uoc.edu\/es\/2-5-1-introduccion\/\" rel=\"noopener\"><strong>resistencia<\/strong><\/a> y de la alternativa. \u00abOtro mundo es posible\u00bb, formula como frase la consistencia de su actuaci\u00f3n como grupo y como minor\u00eda activa que transforma las condiciones socioecon\u00f3micas de un momento determinado. A la postre, su valor radica en la producci\u00f3n de un conflicto entre formas de vida y la posibilidad de que las mayor\u00edas vean que otras alternativas son susceptibles de ser vividas. A largo plazo, como ocurre siempre con el modelo de las minor\u00edas activas, consiguen la conversi\u00f3n de m\u00e1s y m\u00e1s gente.<\/p>\n<div class=\"featured featured-grey\"><p>En la pel\u00edcula <em>La Odisea de los giles,<\/em> dirigida por Sebasti\u00e1n Borensztein en 2019, un grupo de amigos y vecinos se propone reflotar una vieja cooperativa agr\u00edcola con el objetivo de reactivar social y econ\u00f3micamente el municipio en el que viven en la provincia de Buenos Aires. No obstante, este sue\u00f1o cooperativo se ve truncado por la estafa encabezada por un abogado y un gerente de un banco, quienes, sabedores del corralito que acontecer\u00eda en ese pa\u00eds, se quedan con sus ahorros antes de que puedan recuperarlos. A partir de aqu\u00ed, las estrategias de colaboraci\u00f3n y cooperaci\u00f3n del grupo se ponen en marcha para desarrollar un minucioso plan con el que recuperar el dinero.<\/p>\n<\/div>\n","protected":false},"excerpt":{"rendered":"<p>Comenzaremos por caracterizar a ciertos grupos que se definen por el concepto cl\u00e1sico de clase social. Obviamente, perduran desde una tradici\u00f3n de la econom\u00eda pol\u00edtica marxista que procur\u00f3 explicar los cambios sociales mediante la idea de clase social obrera y que le llam\u00f3 proletariado porque afirmaba que su valor econ\u00f3mico y social radicaba en su [&hellip;]<\/p>\n","protected":false},"author":2,"featured_media":0,"parent":0,"menu_order":0,"comment_status":"closed","ping_status":"closed","template":"","meta":{"footnotes":""},"acf":[],"_links":{"self":[{"href":"http:\/\/processos-grupals-aula.azurewebsites.net\/es\/wp-json\/wp\/v2\/pages\/48"}],"collection":[{"href":"http:\/\/processos-grupals-aula.azurewebsites.net\/es\/wp-json\/wp\/v2\/pages"}],"about":[{"href":"http:\/\/processos-grupals-aula.azurewebsites.net\/es\/wp-json\/wp\/v2\/types\/page"}],"author":[{"embeddable":true,"href":"http:\/\/processos-grupals-aula.azurewebsites.net\/es\/wp-json\/wp\/v2\/users\/2"}],"replies":[{"embeddable":true,"href":"http:\/\/processos-grupals-aula.azurewebsites.net\/es\/wp-json\/wp\/v2\/comments?post=48"}],"version-history":[{"count":9,"href":"http:\/\/processos-grupals-aula.azurewebsites.net\/es\/wp-json\/wp\/v2\/pages\/48\/revisions"}],"predecessor-version":[{"id":1232,"href":"http:\/\/processos-grupals-aula.azurewebsites.net\/es\/wp-json\/wp\/v2\/pages\/48\/revisions\/1232"}],"wp:attachment":[{"href":"http:\/\/processos-grupals-aula.azurewebsites.net\/es\/wp-json\/wp\/v2\/media?parent=48"}],"curies":[{"name":"wp","href":"https:\/\/api.w.org\/{rel}","templated":true}]}}