{"id":68,"date":"2023-01-17T12:17:46","date_gmt":"2023-01-17T10:17:46","guid":{"rendered":"http:\/\/processos-grupals-aula.azurewebsites.net\/?page_id=68"},"modified":"2023-02-14T14:16:32","modified_gmt":"2023-02-14T12:16:32","slug":"2-1-1-introduccion","status":"publish","type":"page","link":"http:\/\/processos-grupals-aula.azurewebsites.net\/es\/2-1-1-introduccion\/","title":{"rendered":"2.1.1. Introducci\u00f3n"},"content":{"rendered":"<p>\u00bfQu\u00e9 es <strong>lo colectivo<\/strong> y qu\u00e9 relaci\u00f3n tiene con la psicolog\u00eda social? \u00bfAcaso es lo mismo lo social que lo colectivo?<\/p>\n<p>En este primer apartado ofreceremos un mapeo general que ofrezca algunas pistas para responder a estas dos preguntas. Aunque pueda parecer evidente, es importante recordar cu\u00e1l es el papel general de la psicolog\u00eda social: estudiar las caracter\u00edsticas del individuo en relaci\u00f3n con las dem\u00e1s personas, sumergidas en un contexto pol\u00edtico, econ\u00f3mico, hist\u00f3rico y cultural particular que lo hace \u00fanico y diferente al de otras personas.<\/p>\n<p>En este gran marco que compone la psicolog\u00eda social, existen infinitud de aspectos relevantes para entender por qu\u00e9 la gente se comporta de la forma en que se comporta, por qu\u00e9 las personas pensamos lo que pensamos o por qu\u00e9 nos relacionamos de unos modos o de otros con los dem\u00e1s. Los prejuicios, la injusticia, estereotipos, las din\u00e1micas grupales, conflictos, significados compartidos o la identidad son algunos de esos aspectos. Y entre ellos, uno fundamental al que la Psicolog\u00eda Social ha prestado atenci\u00f3n desde hace d\u00e9cadas es el de <strong>lo colectivo y el de la acci\u00f3n social.<\/strong><\/p>\n","protected":false},"excerpt":{"rendered":"<p>\u00bfQu\u00e9 es lo colectivo y qu\u00e9 relaci\u00f3n tiene con la psicolog\u00eda social? \u00bfAcaso es lo mismo lo social que lo colectivo? En este primer apartado ofreceremos un mapeo general que ofrezca algunas pistas para responder a estas dos preguntas. Aunque pueda parecer evidente, es importante recordar cu\u00e1l es el papel general de la psicolog\u00eda social: [&hellip;]<\/p>\n","protected":false},"author":2,"featured_media":0,"parent":0,"menu_order":0,"comment_status":"closed","ping_status":"closed","template":"","meta":{"footnotes":""},"acf":[],"_links":{"self":[{"href":"http:\/\/processos-grupals-aula.azurewebsites.net\/es\/wp-json\/wp\/v2\/pages\/68"}],"collection":[{"href":"http:\/\/processos-grupals-aula.azurewebsites.net\/es\/wp-json\/wp\/v2\/pages"}],"about":[{"href":"http:\/\/processos-grupals-aula.azurewebsites.net\/es\/wp-json\/wp\/v2\/types\/page"}],"author":[{"embeddable":true,"href":"http:\/\/processos-grupals-aula.azurewebsites.net\/es\/wp-json\/wp\/v2\/users\/2"}],"replies":[{"embeddable":true,"href":"http:\/\/processos-grupals-aula.azurewebsites.net\/es\/wp-json\/wp\/v2\/comments?post=68"}],"version-history":[{"count":3,"href":"http:\/\/processos-grupals-aula.azurewebsites.net\/es\/wp-json\/wp\/v2\/pages\/68\/revisions"}],"predecessor-version":[{"id":428,"href":"http:\/\/processos-grupals-aula.azurewebsites.net\/es\/wp-json\/wp\/v2\/pages\/68\/revisions\/428"}],"wp:attachment":[{"href":"http:\/\/processos-grupals-aula.azurewebsites.net\/es\/wp-json\/wp\/v2\/media?parent=68"}],"curies":[{"name":"wp","href":"https:\/\/api.w.org\/{rel}","templated":true}]}}