{"id":73,"date":"2023-01-17T12:20:35","date_gmt":"2023-01-17T10:20:35","guid":{"rendered":"http:\/\/processos-grupals-aula.azurewebsites.net\/?page_id=73"},"modified":"2023-01-23T11:11:46","modified_gmt":"2023-01-23T09:11:46","slug":"2-3-1-introduccion","status":"publish","type":"page","link":"http:\/\/processos-grupals-aula.azurewebsites.net\/es\/2-3-1-introduccion\/","title":{"rendered":"2.3.1. Introducci\u00f3n"},"content":{"rendered":"<p>Como ya adelantamos, los diversos enfoques a la hora de conceptualizar lo social y lo colectivo dan pie a numerosas formas de entender y analizar los efectos de los movimientos o la acci\u00f3n social. Desde el <strong>d\u00f3nde empieza y hasta d\u00f3nde llega<\/strong> lo colectivo (\u00bfcu\u00e1ntas personas son necesarias? \u00bfEs suficiente con analizar sus procesos psicol\u00f3gicos internos?) hasta el <strong>origen<\/strong> del comportamiento colectivo (\u00bfbiol\u00f3gico, cognitivo, social?); pasando por el <strong>c\u00f3mo surge<\/strong> este comportamiento (\u00bfespont\u00e1neamente, planeado?), entre otras cuestiones.<\/p>\n<p>El siglo pasado fue testigo de las primeras teor\u00edas que, a modo de refutaci\u00f3n de los estudios pioneros del comportamiento de las multitudes elaborados desde la psicolog\u00eda de las masas, trataba de manera m\u00e1s sistem\u00e1tica para descubrir esa \u00abotra racionalidad\u00bb.<\/p>\n","protected":false},"excerpt":{"rendered":"<p>Como ya adelantamos, los diversos enfoques a la hora de conceptualizar lo social y lo colectivo dan pie a numerosas formas de entender y analizar los efectos de los movimientos o la acci\u00f3n social. Desde el d\u00f3nde empieza y hasta d\u00f3nde llega lo colectivo (\u00bfcu\u00e1ntas personas son necesarias? \u00bfEs suficiente con analizar sus procesos psicol\u00f3gicos [&hellip;]<\/p>\n","protected":false},"author":2,"featured_media":0,"parent":0,"menu_order":0,"comment_status":"closed","ping_status":"closed","template":"","meta":{"footnotes":""},"acf":[],"_links":{"self":[{"href":"http:\/\/processos-grupals-aula.azurewebsites.net\/es\/wp-json\/wp\/v2\/pages\/73"}],"collection":[{"href":"http:\/\/processos-grupals-aula.azurewebsites.net\/es\/wp-json\/wp\/v2\/pages"}],"about":[{"href":"http:\/\/processos-grupals-aula.azurewebsites.net\/es\/wp-json\/wp\/v2\/types\/page"}],"author":[{"embeddable":true,"href":"http:\/\/processos-grupals-aula.azurewebsites.net\/es\/wp-json\/wp\/v2\/users\/2"}],"replies":[{"embeddable":true,"href":"http:\/\/processos-grupals-aula.azurewebsites.net\/es\/wp-json\/wp\/v2\/comments?post=73"}],"version-history":[{"count":2,"href":"http:\/\/processos-grupals-aula.azurewebsites.net\/es\/wp-json\/wp\/v2\/pages\/73\/revisions"}],"predecessor-version":[{"id":341,"href":"http:\/\/processos-grupals-aula.azurewebsites.net\/es\/wp-json\/wp\/v2\/pages\/73\/revisions\/341"}],"wp:attachment":[{"href":"http:\/\/processos-grupals-aula.azurewebsites.net\/es\/wp-json\/wp\/v2\/media?parent=73"}],"curies":[{"name":"wp","href":"https:\/\/api.w.org\/{rel}","templated":true}]}}