{"id":79,"date":"2023-01-17T12:29:01","date_gmt":"2023-01-17T10:29:01","guid":{"rendered":"http:\/\/processos-grupals-aula.azurewebsites.net\/?page_id=79"},"modified":"2024-09-12T18:39:00","modified_gmt":"2024-09-12T16:39:00","slug":"2-3-4-la-transformacion-de-lo-colectivo-en-el-mundo-contemporaneo","status":"publish","type":"page","link":"http:\/\/processos-grupals-aula.azurewebsites.net\/es\/2-3-4-la-transformacion-de-lo-colectivo-en-el-mundo-contemporaneo\/","title":{"rendered":"2.3.4. La transformaci\u00f3n de lo colectivo en el mundo contempor\u00e1neo"},"content":{"rendered":"<p>Si bien estas teor\u00edas y an\u00e1lisis sobre el comportamiento colectivo son de las m\u00e1s populares y estudiadas en Psicolog\u00eda Social, debemos reconocer que los retos a los que se enfrentan las sociedades del siglo <span class=\"roman\">XXI<\/span> han hecho que, en cierta medida, hayan quedado amortizadas o desactualizadas. Aunque su utilidad en ciertos contextos o como base para an\u00e1lisis m\u00e1s profundos es incuestionable, <strong>la emergencia de las redes sociales, los efectos sociales de la inteligencia artificial y los algoritmos, la primavera \u00e1rabe, los cambios sociales que trajo la COVID-19, el cambio en el tablero geopol\u00edtico que est\u00e1 provocando la guerra de Rusia contra Ucrania, la emergencia clim\u00e1tica mundial, la crisis econ\u00f3mica de 2008 o el movimiento 15-M en Espa\u00f1a (por citar tan solo algunos), reformulan lo colectivo y la acci\u00f3n social de manera evidente<\/strong>.<\/p>\n<p>Es por esto por lo que este subapartado ofrece conceptos que actualizan los procesos colectivos y la acci\u00f3n social al contexto reciente.<\/p>\n<p><strong>Habitar como germen de lo colectivo<\/strong><\/p>\n<p>Amador Fern\u00e1ndez-Savater es un autor que lleva a\u00f1os analizando la emergencia de procesos colectivos y la acci\u00f3n social, especialmente a partir de la emergencia del 15-M en multitud de ciudades de Espa\u00f1a, y sus posteriores evoluciones tanto institucionalizadas como m\u00e1s informales. En uno de sus trabajos recientes, el autor propone el concepto del <strong>habitar como parte de un nuevo paradigma desde el que entender la acci\u00f3n social<\/strong> (Fern\u00e1ndez-Savater, 2020). El paradigma del habitar se contrapone al modo en que, durante el siglo <span class=\"roman\">XX<\/span> y a\u00fan hoy d\u00eda, la pol\u00edtica ha concebido a la ciudadan\u00eda y el modo en que funciona la acci\u00f3n social.<\/p>\n<p>Para el modelo tradicional, la pol\u00edtica consiste en una <strong>toma de decisiones racional<\/strong> en la que se emprende desde un punto de partida inicial hasta una situaci\u00f3n calculada a la que se pretende llegar. En este proceso, lo social y las personas se entienden como una variable m\u00e1s junto a los procesos econ\u00f3micos, pol\u00edticos, internacionales, etc. Puesto que la pol\u00edtica se ha concebido como <strong>una acci\u00f3n realizada por personas expertas<\/strong> (en su mayor\u00eda, hombres blancos de clase media-alta), realizada en <strong>lugares muy espec\u00edficos<\/strong> (parlamentos, ministerios), <strong>atendiendo a variables de una escala macroglobal<\/strong> (PIB, porcentaje de ocupaci\u00f3n, densidad de poblaci\u00f3n, intereses pol\u00edticos particulares, n\u00famero de contagios, etc.), la transformaci\u00f3n social y los cambios demandados por la sociedad en el \u00e1mbito local han sido profundamente desatendidos, ya que com\u00fanmente no atienden a las necesidades de las minor\u00edas sociales.<\/p>\n<p>Como consecuencia, <strong>los procesos colectivos y la acci\u00f3n social han quedado reducidos, descontextualizados<\/strong> y han carecido de sentido y de un horizonte hacia el que actuar para muchas personas. Un ejemplo expuesto por el propio Fern\u00e1ndez-Savater es el de la acci\u00f3n social mediante el partido pol\u00edtico. El partido, como conjunto de personas organizadas desde los y las l\u00edderes hasta la militancia de base que persiguen el cambio social, se encarga de planificar unos fines mediante unos medios, donde la realidad social es abstra\u00edda, planificada e intervenida por el partido.<\/p>\n<p><strong>El paradigma del habitar<\/strong> busca expl\u00edcitamente alejarse de este modo de entender la acci\u00f3n social. Si la premisa central de la pol\u00edtica tradicional era el abstraer y operacionalizar la realidad social, <strong>habitar implica hacer en el mundo, en la realidad contextualizada y en aquellos lugares donde las personas y lo colectivo emerge y act\u00faa.<\/strong><\/p>\n<p>En este sentido, habitar supone modificar el enfoque sobre lo colectivo y la acci\u00f3n social a la hora de buscar una <strong>transformaci\u00f3n social<\/strong>. En lugar de entender que lo social es la \u00abherramienta\u00bb que lleva a cabo un programa planificado de antemano para conseguir unos fines que abstrae la realidad a unas variables; el paradigma del habitar <strong>parte de aquello que lo colectivo ya es<\/strong>, aquello que ya existe en la cotidianidad de los procesos colectivos que se llevan a cabo en el territorio que demanda una transformaci\u00f3n social.<\/p>\n<p>Cuando un investigador o investigadora analiza esta realidad social \u00abtal cual es\u00bb, aprehende que, en la cotidianidad, el comportamiento colectivo no se rige por variables, no hay patrones estables en la acci\u00f3n social, y lo que es m\u00e1s importante: afloran otros procesos sociales que son invisibles para la acci\u00f3n social tradicional: <strong>el cuidado, el acompa\u00f1amiento o el apoyo propio de las personas espec\u00edficas que componen este colectivo, ligadas a su propia historia, su cultura, sus biograf\u00edas, sus sentimientos, fortalezas y debilidades, etc<\/strong>.<\/p>\n<p>En este \u00abhacer juntos\u00bb cotidiano de lo colectivo, se parte de lo que este ya es, sin un centro o un punto organizador que homogeniza al grupo, en pro de una suerte de delegaci\u00f3n en unos pocos. Es precisamente el poder del todos y todas juntas, en lo concreto de cada situaci\u00f3n, desde donde aflora lo que el todo est\u00e1 por encima de las partes para actuar de manera colectiva.<\/p>\n<p>As\u00ed, podemos utilizar <strong>el paradigma del habitar como el germen que ha posibilitado la emergencia de diferentes plataformas, asociaciones y grupos que buscan transformar la sociedad desde diferentes aspectos o \u00e1mbitos sociales<\/strong>: el propio 15-M, la plataforma de afectados por la hipoteca (PAH), movimientos vecinales contra la gentrificaci\u00f3n del centro de las ciudades, STOP Desahucios, entre otros muchos.<\/p>\n<div class=\"featured featured-grey\"><\/p>\n<p>\u00bfC\u00f3mo un simple e \u00abinsignificante\u00bb saludo de buenos d\u00edas a tus vecinos puede terminar en una acci\u00f3n colectiva para recuperar el espacio p\u00fablico de tu ciudad? Esto es lo que pas\u00f3 en un barrio de Par\u00eds en 2017: <a href=\"https:\/\/www.eldiario.es\/internacional\/theguardian\/republica-hipervecinos-paris-revolucion-empieza-dar-buenos-dias-barrio_1_9180495.html\" target=\"_blank\" rel=\"noopener\">La revoluci\u00f3n de los \u00abbuenos d\u00edas\u00bb de Par\u00eds<\/a>.<u><\/u><\/p>\n<p>\n<\/div>\n<p><strong>El papel de las redes sociales y los algoritmos en el comportamiento colectivo<\/strong><\/p>\n<p>Hoy, nadie cuestiona que la llegada masiva de los ordenadores e internet a los hogares a finales de los a\u00f1os noventa supuso un hito en cuanto al modo de relacionarnos, la educaci\u00f3n, la transformaci\u00f3n de las sociedades o el acceso a la informaci\u00f3n (Castells, 2004; Bauman, 2015). No obstante, en la actualidad, la tecnolog\u00eda e internet siguen sobre la mesa de las y los investigadores sociales a nivel internacional, en base a la evoluci\u00f3n que estas nuevas tecnolog\u00edas han tenido en los \u00faltimos a\u00f1os.<\/p>\n<p>En particular, <strong>la inteligencia artificial (IA)<\/strong>, la masificaci\u00f3n de los <strong>dispositivos inteligentes<\/strong> (los <em>smartphones<\/em> y los <em>smartwatch<\/em>, las c\u00e1maras con reconocimiento facial, los dispositivos del hogar digitales y automatizados, etc.), las <strong>redes sociales<\/strong> (Instagram, Twitter, TikTok, etc.) o los <strong>algoritmos<\/strong> que revisten a estas tecnolog\u00edas son objeto de estudio a nivel social para conocer sus efectos en las sociedades y en los individuos (tales como privacidad, control, moldeamiento social, etc.), as\u00ed como <strong>sus implicaciones en los procesos colectivos y la acci\u00f3n social<\/strong>.<\/p>\n<div class=\"featured featured-grey\"><p>La pel\u00edcula <em>Hater <\/em>(Jan Komasa, 2020) recoge diversos aspectos sobre el papel de las redes sociales en el comportamiento colectivo, y aunque se trate de ficci\u00f3n, ofrece interesantes reflexiones sobre el asunto que nos concierne.<\/p>\n<\/div>\n<p>Las conclusiones de las investigaciones sobre el papel de estas tecnolog\u00edas en la sociedad son muy diversas, aunque, en conjunto, ofrecen una panor\u00e1mica general para entender los desaf\u00edos a los que los procesos colectivos se enfrentan en la actualidad.<\/p>\n<p>Por un lado, hay investigaciones que destacan el papel de las redes sociales y plataformas de mensajer\u00eda instant\u00e1nea (WhatsApp, Telegram, Messenger, etc.) para aumentar y hacer m\u00e1s eficiente la comunicaci\u00f3n y la coordinaci\u00f3n de diferentes personas, en pro de una <strong>acci\u00f3n social<\/strong> promovida por un colectivo (Braccini, 2020). En este sentido, las nuevas tecnolog\u00edas y la masificaci\u00f3n de internet <strong>contribuyen a que las personas que comparten una afinidad, ideolog\u00eda o compromiso \u00e9tico-social puedan localizarse, apoyarse, compartir informaci\u00f3n y, por tanto, movilizarse y llevar a cabo un proceso colectivo o de acci\u00f3n social.<\/strong><\/p>\n<p>En este sentido, estudios como los de Lee <em>et al.<\/em> (2016) comentan c\u00f3mo las redes sociales tienen dos caracter\u00edsticas esenciales para la acci\u00f3n colectiva. En primer lugar, <strong>la informaci\u00f3n que recibimos frecuentemente llega de nuestras personas conocidas<\/strong>, amistades y familiares, es decir, personas de confianza. Y, en segundo lugar, funcionan como un \u00abaltavoz\u00bb, es decir, <strong>potencian y amplifican una informaci\u00f3n<\/strong> que, de otra forma, ser\u00eda muy dif\u00edcil que llegase a tantas personas. Si bien como este propio estudio argumenta, el mero hecho de las redes sociales no garantiza la participaci\u00f3n en una acci\u00f3n social ni el comportamiento colectivo -debemos considerar otras variables como los factores sociales y psicol\u00f3gicos de las personas, la actitud hacia la acci\u00f3n social particular que se propone, las posibilidades de participaci\u00f3n, etc.-, s\u00ed que aumentan las posibilidades de su ocurrencia y, sobre todo, su impacto.<\/p>\n<p>Sin embargo, otros muchos autores y autoras advierten de los nuevos riesgos que surgen con la normalizaci\u00f3n de estas tecnolog\u00edas. Uno de los autores m\u00e1s conocidos y que ha trabajado sobre este asunto es Byung-Chul Han. Para Han (2014, 2021), internet en general, y las redes sociales en particular, han provocado un aumento del individualismo en las sociedades contempor\u00e1neas. Mediante la premisa de que internet lleg\u00f3 a nuestras vidas para hacernos m\u00e1s libres, comunicarnos m\u00e1s r\u00e1pidamente y facilitarnos conseguir cualquier cosa que queramos ser o hacer, el autor coreano plantea que <strong>lo que realmente ha ocurrido es un mayor aislamiento para con los dem\u00e1s<\/strong>, un mayor sometimiento de las personas y una sobreexplotaci\u00f3n de nosotros mismos, especialmente en t\u00e9rminos laborales y econ\u00f3micos. Y todo esto no contribuir\u00eda a la acci\u00f3n social y a la creaci\u00f3n y mantenimiento de lo colectivo.<\/p>\n<p>El argumento de Han para tal afirmaci\u00f3n se basa en que estas nuevas tecnolog\u00edas han supuesto un salto cualitativo en la profundizaci\u00f3n de los problemas del neoliberalismo contempor\u00e1neo:<\/p>\n<ul>\n<li>En primer lugar, mediante los algoritmos y la IA es mucho m\u00e1s f\u00e1cil recabar informaci\u00f3n personal (preferencias pol\u00edticas, culturales o sexuales; compras, lugares visitados, frecuencia de conexi\u00f3n o acceso, viajes, etc.) de millones de personas para analizarla e influir en sus selecciones, preferencias de compra, e incluso predecir sus comportamientos.<\/li>\n<li>Esta capacidad de medici\u00f3n llega hasta lo m\u00e1s \u00edntimo y personal, como nuestras emociones (los \u00abme gusta\u00bb o \u00abme enfada\u00bb de Facebook son una evidencia en este sentido) o nuestros propios hogares (por ejemplo, con los televisores inteligentes que recaban datos de c\u00f3mo nos comportamos en nuestro hogar o con los <em>smartphones<\/em> que llevamos veinticuatro horas al d\u00eda encima), lo que conlleva que cualquier aspecto social es mensurable, cuantificable y comparable para ser gestionado con fines econ\u00f3micos.<\/li>\n<li>Adem\u00e1s, la flexibilidad y las mayores posibilidades de comunicaci\u00f3n, de trabajo o de elecci\u00f3n desdibujan las fronteras entre el tiempo de trabajo y el tiempo libre, lo que incentiva el estar disponible para cualquier requerimiento cualquier d\u00eda de la semana, a cualquier hora (el teletrabajo en el momento de pandemia es un buen ejemplo de esto), aumentando la tensi\u00f3n psicol\u00f3gica por no poder desconectar, la <strong>autoexplotaci\u00f3n<\/strong> y la competencia o competici\u00f3n entre individuos. Como resultado, nuestra sociedad se convierte en un conjunto de individuos con mayores posibilidades de sufrir problemas de salud mental, como depresi\u00f3n, ansiedad y cansancio, y cuyo tiempo libre se reduce a consumir y mantener el modelo neoliberal de mercado. Y esto desincentiva la acci\u00f3n social.<\/li>\n<li>Finalmente, esta profundizaci\u00f3n en los planteamientos neoliberales se lleva a cabo de manera amigable, muy sutil, sin imponer o coaccionarnos con un gran castigo o con consecuencias negativas. De hecho, es tan imperceptible que no querer trabajar todos los d\u00edas, no ser un gran emprendedor o emprendedora o no querer exponer nuestra intimidad en redes sociales est\u00e1 socialmente mal visto. Esto nos hace sentir culpables y finalmente nos hace ceder ante la presi\u00f3n social, lo que refuerza el circuito de la individualidad y la competencia frente al del colectivo y el <a href=\"http:\/\/processos-grupals.aula.uoc.edu\/es\/1-3-3-los-grupos-de-clase-sindicatos-y-cooperativas\/\" rel=\"noopener\"><strong>apoyo mutuo<\/strong><\/a>. Y todo esto, sin un \u00e1pice de castigo por parte de una instituci\u00f3n o del Estado: nosotras y nosotros mismos nos convertimos en nuestro propio \u00abGran Hermano\u00bb autovigilante. As\u00ed, seg\u00fan Han, se dificultar\u00eda profundamente la acci\u00f3n colectiva, la cooperaci\u00f3n y la colaboraci\u00f3n en pro de una <strong>transformaci\u00f3n social<\/strong>.<\/li>\n<\/ul>\n<p>Asimismo, la pensadora Remedios Zafra (2017, 2021) tambi\u00e9n ha analizado los efectos de las redes sociales en los procesos colectivos y ha advertido de los cambios que estos est\u00e1n padeciendo por la emergencia y la normalizaci\u00f3n de las plataformas, internet y las tecnolog\u00edas digitales. Sus an\u00e1lisis son muy interesantes de abordar, pues en ocasiones complementan los de Han, pero en otros momentos cuestionan el general car\u00e1cter negativo y pesimista <em>a<\/em> <em>priori<\/em> del autor surcoreano.<\/p>\n<ul>\n<li>La cultura de <strong>lo digital favorece la rapidez y la vor\u00e1gine en las relaciones y el trabajo<\/strong>, lo cual nos hace imponernos objetivos y metas inmediatas, donde todo parece tornarse ef\u00edmero y temporal. El tiempo para pensar, para los <strong>v\u00ednculos profundos<\/strong> o para el compromiso aut\u00e9ntico parecen haberse diluido (las nuevas formas de relacionarse mediante aplicativos de relacionamiento como Tinder o Grindr son muy ef\u00edmeras).<\/li>\n<li>Esto conlleva un malestar generalizado, amplificado y reforzado por el <strong>individualismo<\/strong> y el <strong>hedonismo<\/strong> de la nueva cultura digital y tecnol\u00f3gica. Bajo los postulados de un entusiasmo y un esfuerzo por dar lo mejor de uno mismo o una misma, <em>sacar la mejor versi\u00f3n de ti<\/em> o invertir en nosotros y nosotras mismos, finalmente <strong>acabamos siendo autor o autora explotados o explotadas, pagados o pagadas con el ef\u00edmero y hedonista placer de tener m\u00e1s seguidores y seguidoras, <em>likes<\/em>, o el tomar psicof\u00e1rmacos y otras drogas que solo nos remiten a seguir produciendo y ser explotados y explotadas<\/strong>.<\/li>\n<li>Pero tanto este malestar como las posibles v\u00edas de escape o el planteamiento de otras alternativas, Zafra las sit\u00faa <strong>en el espacio local, en las din\u00e1micas cotidianas y locales del d\u00eda a d\u00eda<\/strong>. En el caso de la pandemia de la COVID-19, la autora identifica c\u00f3mo este gran acontecimiento mundial ha servido para que no solo nos contagiemos de un virus microbiol\u00f3gico, sino que el cansancio psicol\u00f3gico y emocional o la visibilizaci\u00f3n de la precariedad de muchos empleos tambi\u00e9n se ha propagado a ra\u00edz de los confinamientos y los cambios micro-cotidianos. De este modo, <strong>el <a href=\"http:\/\/processos-grupals.aula.uoc.edu\/es\/introduccion-a-los-procesos-grupales-y-accion-colectiva\/\" rel=\"noopener\">contagio social<\/a> funcionar\u00eda como una palanca para movilizar la acci\u00f3n social<\/strong> en espacios locales que, sumados y articulados en diferentes lugares, contiene la potencia para una transformaci\u00f3n social a una escala macro.<\/li>\n<\/ul>\n<p>Una consecuencia que se desprende de la masificaci\u00f3n de la informaci\u00f3n mediante las redes sociales y los algoritmos es el aumento de la informaci\u00f3n disponible y, principalmente, de las fuentes de informaci\u00f3n. Hoy d\u00eda, con un <em>smartphone<\/em> conectado a internet que nos acompa\u00f1a continuamente, cualquiera de nosotras y nosotros puede compartir informaci\u00f3n, opinar o conectar con el perfil oficial de una instituci\u00f3n o una persona conocida. A este fen\u00f3meno, Han lo denomina la <strong>sociedad del enjambre<\/strong>. El enjambre ser\u00eda aquel lugar en el que las avispas (cada persona) vive conectada con el resto de los miembros de la sociedad, en la que todas emiten mucha informaci\u00f3n, pero esta no comunica, no es valiosa: se tratar\u00eda de un constante ruido de fondo, como el que se emite en un enjambre, pero que nos mantiene anestesiados, sin posibilidad de vinculaci\u00f3n o de organizaci\u00f3n con los dem\u00e1s.<\/p>\n<p>As\u00ed, el exceso de informaci\u00f3n que producimos y que consumimos <strong>conlleva una paralizaci\u00f3n y una gran dificultad para crear un conocimiento v\u00e1lido para tomar una decisi\u00f3n o para saber qu\u00e9 creer o en qui\u00e9n confiar<\/strong>. De este modo, tal como ocurre en un enjambre, los algoritmos y la IA terminan por canalizar hacia unas pocas posibilidades toda esa informaci\u00f3n sobre nuestras preferencias y gustos. Por ejemplo, ver la \u00faltima serie de moda de terror o la de comedia, comprar las \u00faltimas zapatillas deportivas o urbanas, pedir la hamburguesa de una conocida cadena o la pizza de otra franquicia. Por tanto, <strong>acabamos homogeneizados, delegando nuestras decisiones cotidianas en algoritmos que nos conocen mejor que nosotros mismos<\/strong>.<\/p>\n<p>De este modo, los procesos colectivos y la acci\u00f3n social quedan disueltos en las decisiones que como individuos tomamos. Decisiones influidas y moldeadas de manera continua por los algoritmos y la informaci\u00f3n que emitimos y recibimos de las redes sociales. La reflexi\u00f3n que surge ahora es: con las redes sociales y la IA (inteligencia artificial)<strong>, \u00bfrealmente se disuelve lo colectivo o, en cambio, surge una nueva socialidad, un colectivo digital que se comporta y act\u00faa de otros modos y por otros medios que a\u00fan debemos explorar y analizar?<\/strong><\/p>\n<p>En definitiva, para Han, la prometida libertad de internet y las redes sociales se ha convertido en pocos a\u00f1os en una nueva sumisi\u00f3n, mucho m\u00e1s sutil y menos evidente (y, por tanto, m\u00e1s dif\u00edcil de detectar, combatir y transformar), que a la vez que nos permite vincularnos con el otro lado del mundo, nos a\u00edsla de los dem\u00e1s; esto hace que en una sociedad hiperconectada como la nuestra, emerjan multitud de informaciones de las que no sepamos distinguir qu\u00e9 es real de lo que es falso, un bulo, o una <em>fake new<\/em>, problem\u00e1ticas de las actuales sociedades contempor\u00e1neas. Pero Zafra, ampliando y profundizando los argumentos de Han, ofrece un interesante contrapunto bajo el cual ofrece diferentes lugares y posibilidades de <a href=\"http:\/\/processos-grupals.aula.uoc.edu\/es\/2-5-1-introduccion\/\" rel=\"noopener\"><strong>resistencia<\/strong><\/a> en los espacios locales en los que cada uno de nosotros y nosotras <strong>habita<\/strong>, somos interpelados y tenemos responsabilidad, pero tambi\u00e9n posibilidad de acci\u00f3n.<\/p>\n<div class=\"featured featured-grey\"><p><strong>Para reflexionar\u2026<\/strong><\/p>\n<p>\u00bfC\u00f3mo se podr\u00eda analizar la organizaci\u00f3n de una asociaci\u00f3n internacional de activistas por el medio ambiente desde los conceptos y autores que hemos visto en este apartado? \u00bfY un banco de alimentos local autogestionado?<\/p>\n<\/div>\n<p>&nbsp;<\/p>\n","protected":false},"excerpt":{"rendered":"<p>Si bien estas teor\u00edas y an\u00e1lisis sobre el comportamiento colectivo son de las m\u00e1s populares y estudiadas en Psicolog\u00eda Social, debemos reconocer que los retos a los que se enfrentan las sociedades del siglo han hecho que, en cierta medida, hayan quedado amortizadas o desactualizadas. Aunque su utilidad en ciertos contextos o como base para [&hellip;]<\/p>\n","protected":false},"author":2,"featured_media":0,"parent":0,"menu_order":0,"comment_status":"closed","ping_status":"closed","template":"","meta":{"footnotes":""},"acf":[],"_links":{"self":[{"href":"http:\/\/processos-grupals-aula.azurewebsites.net\/es\/wp-json\/wp\/v2\/pages\/79"}],"collection":[{"href":"http:\/\/processos-grupals-aula.azurewebsites.net\/es\/wp-json\/wp\/v2\/pages"}],"about":[{"href":"http:\/\/processos-grupals-aula.azurewebsites.net\/es\/wp-json\/wp\/v2\/types\/page"}],"author":[{"embeddable":true,"href":"http:\/\/processos-grupals-aula.azurewebsites.net\/es\/wp-json\/wp\/v2\/users\/2"}],"replies":[{"embeddable":true,"href":"http:\/\/processos-grupals-aula.azurewebsites.net\/es\/wp-json\/wp\/v2\/comments?post=79"}],"version-history":[{"count":14,"href":"http:\/\/processos-grupals-aula.azurewebsites.net\/es\/wp-json\/wp\/v2\/pages\/79\/revisions"}],"predecessor-version":[{"id":1400,"href":"http:\/\/processos-grupals-aula.azurewebsites.net\/es\/wp-json\/wp\/v2\/pages\/79\/revisions\/1400"}],"wp:attachment":[{"href":"http:\/\/processos-grupals-aula.azurewebsites.net\/es\/wp-json\/wp\/v2\/media?parent=79"}],"curies":[{"name":"wp","href":"https:\/\/api.w.org\/{rel}","templated":true}]}}