{"id":81,"date":"2023-01-17T12:31:21","date_gmt":"2023-01-17T10:31:21","guid":{"rendered":"http:\/\/processos-grupals-aula.azurewebsites.net\/?page_id=81"},"modified":"2024-09-17T09:32:48","modified_gmt":"2024-09-17T07:32:48","slug":"2-4-los-bulos-las-fake-news-y-el-negacionismo-como-elementos-de-la-accion-colectiva","status":"publish","type":"page","link":"http:\/\/processos-grupals-aula.azurewebsites.net\/es\/2-4-los-bulos-las-fake-news-y-el-negacionismo-como-elementos-de-la-accion-colectiva\/","title":{"rendered":"2.4. Los bulos, las <em>fake news<\/em> y el negacionismo como elementos de la acci\u00f3n colectiva"},"content":{"rendered":"<p>\u00bfEs posible que el acontecimiento de un cometa de dimensiones astron\u00f3micas, el cual cient\u00edficos expertos pronostican que chocar\u00e1 con la Tierra, no sea aceptado por un grupo de la mayor\u00eda de las personas del planeta?<\/p>\n<p>Si bien se trata del argumento de una pel\u00edcula ficcional (McKay, 2021), constituye un caso que ilustra los efectos del <strong>negacionismo<\/strong> y los <strong>bulos<\/strong> como elementos de la acci\u00f3n social contempor\u00e1nea. Y es que, aunque pueda parecer parad\u00f3jico, este tipo de acontecimientos forma parte de nuevos procesos colectivos que se estudian en la actualidad.<\/p>\n<p>Un <strong>bulo<\/strong>, seg\u00fan el DRAE, se define como \u2018una noticia falsa propalada con alg\u00fan fin\u2019 (Diccionario de la Real Academia Espa\u00f1ola, 2022). Aunque el t\u00e9rmino correcto en espa\u00f1ol sea este, desde hace pocos a\u00f1os es frecuente el empleo del anglicismo <strong><em>fake news<\/em><\/strong> (\u2018noticia falsa\u2019), el cual se define como la divulgaci\u00f3n de noticias falsas que provocan un peligroso c\u00edrculo de desinformaci\u00f3n (International Federation of Journalists, 2018).<\/p>\n<p>En general, un bulo lo podemos entender <strong>como una informaci\u00f3n que se toma por verdadera<\/strong> (noticia, acontecimiento, evento, acci\u00f3n) <strong>sin una base objetiva o fundamentada por parte de un grupo de personas, las cuales llevan a cabo una acci\u00f3n como consecuencia de esta<\/strong>. Esta acci\u00f3n puede ser desde la simple difusi\u00f3n (en l\u00ednea o fuera de l\u00ednea) contribuyendo a su propagaci\u00f3n por agentes sociales de relevancia social, hasta la organizaci\u00f3n colectiva con efectos nacionales o internacionales provocados por la extrema derecha pol\u00edtica (como <a href=\"https:\/\/www.youtube.com\/watch?v=I4f7pJFYKEA\" target=\"_blank\" rel=\"noopener\">el episodio del asalto al Capitolio de Estados Unidos en 2021<\/a> o las manifestaciones virtuales en 2021 a causa de la<a href=\"https:\/\/www.youtube.com\/watch?v=6mi1jMLNtNY\" target=\"_blank\" rel=\"noopener\"> noticia falsa reproducida por Jair Bolsonaro en Brasil que asoci\u00f3 la vacuna de la COVID-19 con el desarrollo del SIDA<\/a>).<\/p>\n<p>Como vimos en el apartado anterior, la masificaci\u00f3n de tecnolog\u00edas como internet o los algoritmos de las redes sociales ha contribuido a que sea muy f\u00e1cil y r\u00e1pido recibir y propagar este tipo de informaciones; muchas veces sin deberse a un apoyo expl\u00edcito al contenido de la <em>fake news<\/em> por una mayor\u00eda de personas que lo reciben y promulgan, sino solamente a la falta de medios o habilidades para contrastar la noticia, su recepci\u00f3n reiterada y masiva -que provoca una falsa apariencia de verdad-, o una lectura superficial de la misma, sin analizar su procedencia, fuente o coherencia.<\/p>\n<p>Es debido a este <strong>car\u00e1cter masivo, de f\u00e1cil propagaci\u00f3n y de omnipresencia lo que hace que los bulos sean peligrosos a la hora de fomentar o movilizar creencias o acciones compartidas<\/strong>, con consecuencias principalmente para ciertos grupos minoritarios -inmigrantes, mujeres, ni\u00f1as y ni\u00f1os, colectivos LGTBIQ+, anticapacitistas, asociaciones, instituciones u organizaciones, etc.- o, como ya vimos, hasta para el conjunto de la sociedad. Adem\u00e1s, su r\u00e1pida propagaci\u00f3n en internet, y las condiciones de anonimidad y gran alcance que caracteriza a las redes sociales, dificulta rastrear su origen o el momento de su creaci\u00f3n y, por tanto, combatir la desinformaci\u00f3n que estas terminan por generar y que termina por sedimentarse como una verdad asumida por parte de la poblaci\u00f3n.<\/p>\n<p>Uno de los \u00faltimos acontecimientos sociales que ha estado plagado de <strong>bulos<\/strong> es la pandemia de COVID-19, que, desde principios de 2020, ha azotado a casi todos los pa\u00edses del mundo bajo el lema de \u00abno es pandemia, es plandemia\u00bb, el apoyo de personas populares que actuaron como l\u00edderes de movilizaciones negacionistas o reclamo por el derecho personal a la libertad. Durante el primer a\u00f1o de pandemia fueron frecuentes las manifestaciones de miles de personas que clamaban por terminar con las cuarentenas, los encierros en las casas o la obligatoriedad del uso de las mascarillas, a la vez que las UCI de muchos hospitales estaban desbordadas. Es en este momento que el fen\u00f3meno del <strong><em>negacionismo<\/em><\/strong> cobra popularidad, pero \u00bfqu\u00e9 es el negacionismo? \u00bfC\u00f3mo es posible que un bulo acabe por convocar manifestaciones en diversos pa\u00edses por un motivo de salud que ha matado a millones de personas en todo el mundo?<\/p>\n<p><strong>El negacionismo podemos entenderlo como un comportamiento colectivo que lleva a que un conjunto de personas niegue la existencia o los efectos de un determinado fen\u00f3meno avalado y comprobado objetiva y cient\u00edficamente<\/strong>. El negacionismo abarca fen\u00f3menos como <a href=\"https:\/\/www.youtube.com\/watch?v=BBKZ3tO5ns4\" target=\"_blank\" rel=\"noopener\">la emergencia clim\u00e1tica<\/a> o <a href=\"https:\/\/www.youtube.com\/watch?v=ZVL7rG2LKxQ\" target=\"_blank\" rel=\"noopener\">el holocausto jud\u00edo durante la Segunda Guerra Mundial<\/a>, <a href=\"https:\/\/www.youtube.com\/watch?v=jFHEWafLJZU\" target=\"_blank\" rel=\"noopener\">las vacunas frente a todo tipo de enfermedades<\/a>, entre otros.<\/p>\n<p>Si bien el negacionismo como objeto de investigaciones sociales es reciente, ya existen algunos estudios que apuntan a las razones del negacionismo como comportamiento colectivo, los cuales se enmarcan en una corriente de estudios cl\u00e1sicos que estudia las <strong>conspiraciones<\/strong> y los <strong>rumores<\/strong> como elementos de la acci\u00f3n social.<\/p>\n<ul>\n<li>En primer lugar, el negacionismo se puede explicar por una <strong>necesidad de las personas de alejarse o no conectar con un evento traum\u00e1tico o doloroso a nivel personal y socia<\/strong>l. Qu\u00e9 duda cabe de la importancia hist\u00f3rica y mundial de un virus que ha provocado tantas muertes, como el VIH o la COVID-19, incertidumbre sobre nuestro futuro laboral, afectivo o social, provocando multitud de efectos psicol\u00f3gicos y emocionales directos e indirectos (depresi\u00f3n, ansiedad, aumento en el n\u00famero de suicidios, etc.). En este sentido, el negacionismo emerger\u00eda como una forma de no enfrentar el problema y as\u00ed tratar (con mayor o menor \u00e9xito) de evitar las consecuencias mencionadas.<\/li>\n<li>En segundo lugar, el negacionismo surge por la necesidad de un conjunto de personas de <strong>crear una <a href=\"http:\/\/processos-grupals.aula.uoc.edu\/es\/2-3-3-teoria-de-la-identidad-social\/\" rel=\"noopener\">identidad social compartida<\/a><\/strong> y que les diferencie de aquellos que s\u00ed creen en el fen\u00f3meno que estos niegan. En l\u00ednea con los estudios sobre las conspiraciones y rumores (Douglas, Uscinski, Sutton et al., 2019), el negacionismo ser\u00eda el resultado de la <strong>creencia<\/strong> de que las personas que niegan un fen\u00f3meno poseen un conocimiento verdadero, oculto y dif\u00edcil de escudri\u00f1ar para la mayor\u00eda de las personas (el otro grupo con el que no comparten identidad).<\/li>\n<li>En una escala m\u00e1s sociol\u00f3gica y menos psicol\u00f3gica, el negacionismo puede explicarse por la <strong>falta de una estrategia estructural<\/strong> que permita a la sociedad combatir con eficacia las noticias falsas. Por ejemplo, el fracaso a la hora de comunicar una informaci\u00f3n objetiva por parte de las instituciones p\u00fablicas, la falta de una estrategia educativa y c\u00edvica que permita a la ciudadan\u00eda los ciudadanos y ciudadanas discernir la informaci\u00f3n verdadera de la falsa, o la falta de medios y recursos a escala micro, meso y macro para establecer programas y proyectos de lucha contra los bulos y las <em>fake news<\/em>. Todas esas cuestiones, por ejemplo, fueron observadas desde el inicio durante la pandemia de la COVID-19.<\/li>\n<\/ul>\n<p>Si bien es un fen\u00f3meno en estudio y que en los pr\u00f3ximos a\u00f1os emerger\u00e1n nuevas teor\u00edas y acontecimientos sobre los que explicar el negacionismo, debemos reconocer que todas estas explicaciones son herramientas que contribuyen a analizar el negacionismo desde diferentes frentes. Desde una posici\u00f3n afectiva, psicol\u00f3gica o m\u00e1s sociol\u00f3gica, <strong>todas ellas nos ofrecen elementos desde los que estudiar el negacionismo como elemento central de los procesos colectivos en la actualidad, de manera complementaria y simbi\u00f3tica<\/strong>.<\/p>\n<div class=\"featured featured-grey\"><p><strong>Las redes sociales y lo colectivo.\u00a0 <\/strong>Te recomendamos el documental <em>Dear Future Children <\/em>(Franz B\u00f6hm, 2021).<\/p>\n<\/div>\n","protected":false},"excerpt":{"rendered":"<p>\u00bfEs posible que el acontecimiento de un cometa de dimensiones astron\u00f3micas, el cual cient\u00edficos expertos pronostican que chocar\u00e1 con la Tierra, no sea aceptado por un grupo de la mayor\u00eda de las personas del planeta? Si bien se trata del argumento de una pel\u00edcula ficcional (McKay, 2021), constituye un caso que ilustra los efectos del [&hellip;]<\/p>\n","protected":false},"author":2,"featured_media":0,"parent":0,"menu_order":0,"comment_status":"closed","ping_status":"closed","template":"","meta":{"footnotes":""},"acf":[],"_links":{"self":[{"href":"http:\/\/processos-grupals-aula.azurewebsites.net\/es\/wp-json\/wp\/v2\/pages\/81"}],"collection":[{"href":"http:\/\/processos-grupals-aula.azurewebsites.net\/es\/wp-json\/wp\/v2\/pages"}],"about":[{"href":"http:\/\/processos-grupals-aula.azurewebsites.net\/es\/wp-json\/wp\/v2\/types\/page"}],"author":[{"embeddable":true,"href":"http:\/\/processos-grupals-aula.azurewebsites.net\/es\/wp-json\/wp\/v2\/users\/2"}],"replies":[{"embeddable":true,"href":"http:\/\/processos-grupals-aula.azurewebsites.net\/es\/wp-json\/wp\/v2\/comments?post=81"}],"version-history":[{"count":11,"href":"http:\/\/processos-grupals-aula.azurewebsites.net\/es\/wp-json\/wp\/v2\/pages\/81\/revisions"}],"predecessor-version":[{"id":1483,"href":"http:\/\/processos-grupals-aula.azurewebsites.net\/es\/wp-json\/wp\/v2\/pages\/81\/revisions\/1483"}],"wp:attachment":[{"href":"http:\/\/processos-grupals-aula.azurewebsites.net\/es\/wp-json\/wp\/v2\/media?parent=81"}],"curies":[{"name":"wp","href":"https:\/\/api.w.org\/{rel}","templated":true}]}}