{"id":83,"date":"2023-01-17T12:31:53","date_gmt":"2023-01-17T10:31:53","guid":{"rendered":"http:\/\/processos-grupals-aula.azurewebsites.net\/?page_id=83"},"modified":"2024-09-12T18:43:16","modified_gmt":"2024-09-12T16:43:16","slug":"2-5-1-introduccion","status":"publish","type":"page","link":"http:\/\/processos-grupals-aula.azurewebsites.net\/es\/2-5-1-introduccion\/","title":{"rendered":"2.5.1. Introducci\u00f3n"},"content":{"rendered":"<p>Uno de los fen\u00f3menos sociales m\u00e1s estudiados en torno a lo colectivo es el de la <strong>alternativa<\/strong> y la <strong>resistencia<\/strong>. Todas y todos hemos escuchado e incluso asistido o participado en grupos donde se proponen \u00abalternativas a\u00bb un suceso m\u00e1s o menos local o general que est\u00e1 generando tensiones o problem\u00e1ticas para aquel grupo. De la misma forma, en multitud de acontecimientos se emplea la palabra <em>resistir<\/em>, con diversas acepciones, pero todas aluden al hecho de <strong>aguantar o incluso oponerse a un acontecimiento que causa alg\u00fan tipo de malestar, y frente al que, en principio, resulta dif\u00edcil y complejo sobreponerse o transformarlo.\u00a0<\/strong><\/p>\n<p>Pero \u00bfc\u00f3mo se ha conceptualizado la resistencia y la alternativa desde la Psicolog\u00eda Social? \u00bfY c\u00f3mo se vinculan estos dos conceptos con los procesos colectivos y la acci\u00f3n social? Este \u00faltimo apartado lo dedicaremos a analizar algunas propuestas sobre la alternativa y la resistencia en el estudio de lo colectivo.<\/p>\n<p>A lo largo de la historia, han existido multitud de autores y de conceptualizaciones sobre la resistencia. Estas han provenido principalmente de la ciencia pol\u00edtica, de la filosof\u00eda o m\u00e1s recientemente de la sociolog\u00eda o la psicolog\u00eda. Este amplio espectro de disciplinas y teorizaciones han dado lugar a la emergencia de sendos conceptos con acepciones emparentadas: <strong>alternativa, revoluci\u00f3n, autonom\u00eda, resistencia, liberaci\u00f3n, empoderamiento<\/strong>, etc., todos ellos interesantes y \u00fatiles para analizar y estudiar diferentes fen\u00f3menos sociales vinculados con lo colectivo. Solo por cuesti\u00f3n de espacio, y considerando que tal vez sea el m\u00e1s conocido y ocupado en el lenguaje popular, nos remitiremos a trabajar con el concepto de <em>resistencia<\/em>.<\/p>\n","protected":false},"excerpt":{"rendered":"<p>Uno de los fen\u00f3menos sociales m\u00e1s estudiados en torno a lo colectivo es el de la alternativa y la resistencia. Todas y todos hemos escuchado e incluso asistido o participado en grupos donde se proponen \u00abalternativas a\u00bb un suceso m\u00e1s o menos local o general que est\u00e1 generando tensiones o problem\u00e1ticas para aquel grupo. De [&hellip;]<\/p>\n","protected":false},"author":2,"featured_media":0,"parent":0,"menu_order":0,"comment_status":"closed","ping_status":"closed","template":"","meta":{"footnotes":""},"acf":[],"_links":{"self":[{"href":"http:\/\/processos-grupals-aula.azurewebsites.net\/es\/wp-json\/wp\/v2\/pages\/83"}],"collection":[{"href":"http:\/\/processos-grupals-aula.azurewebsites.net\/es\/wp-json\/wp\/v2\/pages"}],"about":[{"href":"http:\/\/processos-grupals-aula.azurewebsites.net\/es\/wp-json\/wp\/v2\/types\/page"}],"author":[{"embeddable":true,"href":"http:\/\/processos-grupals-aula.azurewebsites.net\/es\/wp-json\/wp\/v2\/users\/2"}],"replies":[{"embeddable":true,"href":"http:\/\/processos-grupals-aula.azurewebsites.net\/es\/wp-json\/wp\/v2\/comments?post=83"}],"version-history":[{"count":6,"href":"http:\/\/processos-grupals-aula.azurewebsites.net\/es\/wp-json\/wp\/v2\/pages\/83\/revisions"}],"predecessor-version":[{"id":1404,"href":"http:\/\/processos-grupals-aula.azurewebsites.net\/es\/wp-json\/wp\/v2\/pages\/83\/revisions\/1404"}],"wp:attachment":[{"href":"http:\/\/processos-grupals-aula.azurewebsites.net\/es\/wp-json\/wp\/v2\/media?parent=83"}],"curies":[{"name":"wp","href":"https:\/\/api.w.org\/{rel}","templated":true}]}}