{"id":98,"date":"2023-01-17T12:43:53","date_gmt":"2023-01-17T10:43:53","guid":{"rendered":"http:\/\/processos-grupals-aula.azurewebsites.net\/?page_id=98"},"modified":"2023-01-17T12:43:53","modified_gmt":"2023-01-17T10:43:53","slug":"3-1-4-recapitulando-una-definicion-operativa-de-movimientos-sociales","status":"publish","type":"page","link":"http:\/\/processos-grupals-aula.azurewebsites.net\/es\/3-1-4-recapitulando-una-definicion-operativa-de-movimientos-sociales\/","title":{"rendered":"3.1.4. Recapitulando: una definici\u00f3n operativa de movimientos sociales"},"content":{"rendered":"<p>Con los dos elementos introducidos, puede ofrecerse una definici\u00f3n ampliada de movimiento social que sea operativa para guiarse en diferentes casos de estudio. As\u00ed, un movimiento social es una <strong>acci\u00f3n colectiva\u00a0 contenciosa\u00a0 <\/strong>(pueden utilizar otras formas de acci\u00f3n colectiva menos disruptivas, pero su caracter\u00edstica m\u00e1s fundamental y m\u00e1s singular lo representa el desaf\u00edo que generan)<strong> y continuada en el tiempo, que nace de la insatisfacci\u00f3n con la actual forma de vida, vali\u00e9ndose para ello de formas de organizaci\u00f3n variables <\/strong>\u2013aunque prioritariamente informales\u2013<strong>, produciendo interacciones prolongadas con las autoridades, el impacto de las cuales, incluso cuando pierden, produce transformaciones y restructuraciones en las instituciones sociales<\/strong>.<\/p>\n<p>Con todo, en las sociedades modernas actuales existen infinidad de movimientos con formas organizativas y objetivos diferenciables. Una forma de clasificarlos consiste en dividirlos entre <strong>movimientos sociopol\u00edticos, movimientos culturales o contramovimientos<\/strong>. Algunos de ellos son de tipo <strong>general<\/strong>, esto es, movimientos en el sentido amplio del t\u00e9rmino (movimiento ecologista, movimiento feminista o movimiento antiabortista). Y otros son movimientos de tipo <strong>espec\u00edfico<\/strong>, esto es, organizaciones normalmente m\u00e1s estructuradas que buscan cambios concretos en materias vinculadas a las del movimiento general. Por ejemplo, Greenpeace, una asociaci\u00f3n feminista en una universidad o un grupo local de Pro-Vida.<\/p>\n","protected":false},"excerpt":{"rendered":"<p>Con los dos elementos introducidos, puede ofrecerse una definici\u00f3n ampliada de movimiento social que sea operativa para guiarse en diferentes casos de estudio. As\u00ed, un movimiento social es una acci\u00f3n colectiva\u00a0 contenciosa\u00a0 (pueden utilizar otras formas de acci\u00f3n colectiva menos disruptivas, pero su caracter\u00edstica m\u00e1s fundamental y m\u00e1s singular lo representa el desaf\u00edo que generan) [&hellip;]<\/p>\n","protected":false},"author":2,"featured_media":0,"parent":0,"menu_order":0,"comment_status":"closed","ping_status":"closed","template":"","meta":{"footnotes":""},"acf":[],"_links":{"self":[{"href":"http:\/\/processos-grupals-aula.azurewebsites.net\/es\/wp-json\/wp\/v2\/pages\/98"}],"collection":[{"href":"http:\/\/processos-grupals-aula.azurewebsites.net\/es\/wp-json\/wp\/v2\/pages"}],"about":[{"href":"http:\/\/processos-grupals-aula.azurewebsites.net\/es\/wp-json\/wp\/v2\/types\/page"}],"author":[{"embeddable":true,"href":"http:\/\/processos-grupals-aula.azurewebsites.net\/es\/wp-json\/wp\/v2\/users\/2"}],"replies":[{"embeddable":true,"href":"http:\/\/processos-grupals-aula.azurewebsites.net\/es\/wp-json\/wp\/v2\/comments?post=98"}],"version-history":[{"count":1,"href":"http:\/\/processos-grupals-aula.azurewebsites.net\/es\/wp-json\/wp\/v2\/pages\/98\/revisions"}],"predecessor-version":[{"id":100,"href":"http:\/\/processos-grupals-aula.azurewebsites.net\/es\/wp-json\/wp\/v2\/pages\/98\/revisions\/100"}],"wp:attachment":[{"href":"http:\/\/processos-grupals-aula.azurewebsites.net\/es\/wp-json\/wp\/v2\/media?parent=98"}],"curies":[{"name":"wp","href":"https:\/\/api.w.org\/{rel}","templated":true}]}}