{"id":99,"date":"2023-01-17T12:44:21","date_gmt":"2023-01-17T10:44:21","guid":{"rendered":"http:\/\/processos-grupals-aula.azurewebsites.net\/?page_id=99"},"modified":"2023-02-28T13:10:57","modified_gmt":"2023-02-28T11:10:57","slug":"3-2-1-introduccion","status":"publish","type":"page","link":"http:\/\/processos-grupals-aula.azurewebsites.net\/es\/3-2-1-introduccion\/","title":{"rendered":"3.2.1. Introducci\u00f3n"},"content":{"rendered":"<p>En las dos \u00faltimas d\u00e9cadas el estudio de los movimientos sociales ha crecido de forma importante. Han aumentado las publicaciones e investigaciones acad\u00e9micas focalizadas en el tema, han aumentado tambi\u00e9n los centros de investigaci\u00f3n y documentaci\u00f3n, tanto dentro como fuera de las universidades, y se han consolidado los programas y asignaturas, tanto en grados como en m\u00e1steres, que toman a los movimientos como objetos de estudio. De acuerdo con todo ello, en las l\u00edneas que siguen a continuaci\u00f3n trataremos de sintetizar en algunas ideas fuerza los motivos que llevan a la centralidad del estudio de movimientos en el campo de las ciencias sociales.<\/p>\n","protected":false},"excerpt":{"rendered":"<p>En las dos \u00faltimas d\u00e9cadas el estudio de los movimientos sociales ha crecido de forma importante. Han aumentado las publicaciones e investigaciones acad\u00e9micas focalizadas en el tema, han aumentado tambi\u00e9n los centros de investigaci\u00f3n y documentaci\u00f3n, tanto dentro como fuera de las universidades, y se han consolidado los programas y asignaturas, tanto en grados como [&hellip;]<\/p>\n","protected":false},"author":2,"featured_media":0,"parent":0,"menu_order":0,"comment_status":"closed","ping_status":"closed","template":"","meta":{"footnotes":""},"acf":[],"_links":{"self":[{"href":"http:\/\/processos-grupals-aula.azurewebsites.net\/es\/wp-json\/wp\/v2\/pages\/99"}],"collection":[{"href":"http:\/\/processos-grupals-aula.azurewebsites.net\/es\/wp-json\/wp\/v2\/pages"}],"about":[{"href":"http:\/\/processos-grupals-aula.azurewebsites.net\/es\/wp-json\/wp\/v2\/types\/page"}],"author":[{"embeddable":true,"href":"http:\/\/processos-grupals-aula.azurewebsites.net\/es\/wp-json\/wp\/v2\/users\/2"}],"replies":[{"embeddable":true,"href":"http:\/\/processos-grupals-aula.azurewebsites.net\/es\/wp-json\/wp\/v2\/comments?post=99"}],"version-history":[{"count":2,"href":"http:\/\/processos-grupals-aula.azurewebsites.net\/es\/wp-json\/wp\/v2\/pages\/99\/revisions"}],"predecessor-version":[{"id":935,"href":"http:\/\/processos-grupals-aula.azurewebsites.net\/es\/wp-json\/wp\/v2\/pages\/99\/revisions\/935"}],"wp:attachment":[{"href":"http:\/\/processos-grupals-aula.azurewebsites.net\/es\/wp-json\/wp\/v2\/media?parent=99"}],"curies":[{"name":"wp","href":"https:\/\/api.w.org\/{rel}","templated":true}]}}